{"id":951,"date":"2022-05-31T13:43:07","date_gmt":"2022-05-31T13:43:07","guid":{"rendered":"https:\/\/myepal.eu\/activites\/"},"modified":"2023-05-24T12:11:29","modified_gmt":"2023-05-24T12:11:29","slug":"activites","status":"publish","type":"page","link":"https:\/\/myepal.eu\/fr\/activites\/","title":{"rendered":"Intervention communautaire"},"content":{"rendered":"\t\t<div data-elementor-type=\"wp-page\" data-elementor-id=\"951\" class=\"elementor elementor-951 elementor-301\">\n\t\t\t\t\t\t\t\t\t<section class=\"elementor-section elementor-top-section elementor-element elementor-element-6tvy454 elementor-section-height-full elementor-section-boxed elementor-section-height-default elementor-section-items-middle\" data-id=\"6tvy454\" data-element_type=\"section\" data-settings=\"{&quot;background_background&quot;:&quot;classic&quot;}\">\n\t\t\t\t\t\t\t<div class=\"elementor-background-overlay\"><\/div>\n\t\t\t\t\t\t\t<div class=\"elementor-container elementor-column-gap-default\">\n\t\t\t\t\t<div class=\"elementor-column elementor-col-100 elementor-top-column elementor-element elementor-element-sk8ylc5\" data-id=\"sk8ylc5\" data-element_type=\"column\">\n\t\t\t<div class=\"elementor-widget-wrap elementor-element-populated\">\n\t\t\t\t\t\t\t\t<div class=\"elementor-element elementor-element-8mmzn2w no-margin elementor-invisible elementor-widget elementor-widget-heading\" data-id=\"8mmzn2w\" data-element_type=\"widget\" data-settings=\"{&quot;_animation&quot;:&quot;pulse&quot;}\" data-widget_type=\"heading.default\">\n\t\t\t\t<div class=\"elementor-widget-container\">\n\t\t\t<style>\/*! elementor - v3.6.5 - 27-04-2022 *\/\n.elementor-heading-title{padding:0;margin:0;line-height:1}.elementor-widget-heading .elementor-heading-title[class*=elementor-size-]>a{color:inherit;font-size:inherit;line-height:inherit}.elementor-widget-heading .elementor-heading-title.elementor-size-small{font-size:15px}.elementor-widget-heading .elementor-heading-title.elementor-size-medium{font-size:19px}.elementor-widget-heading .elementor-heading-title.elementor-size-large{font-size:29px}.elementor-widget-heading .elementor-heading-title.elementor-size-xl{font-size:39px}.elementor-widget-heading .elementor-heading-title.elementor-size-xxl{font-size:59px}<\/style><h2 class=\"elementor-heading-title elementor-size-default\">INTERVENTION COMMUNAUTAIRE<\/h2>\t\t<\/div>\n\t\t\t\t<\/div>\n\t\t\t\t\t<\/div>\n\t\t<\/div>\n\t\t\t\t\t\t\t<\/div>\n\t\t<\/section>\n\t\t\t\t<section class=\"elementor-section elementor-top-section elementor-element elementor-element-632fbd8 elementor-section-boxed elementor-section-height-default elementor-section-height-default\" data-id=\"632fbd8\" data-element_type=\"section\">\n\t\t\t\t\t\t<div class=\"elementor-container elementor-column-gap-default\">\n\t\t\t\t\t<div class=\"elementor-column elementor-col-100 elementor-top-column elementor-element elementor-element-21e468f\" data-id=\"21e468f\" data-element_type=\"column\">\n\t\t\t<div class=\"elementor-widget-wrap elementor-element-populated\">\n\t\t\t\t\t\t\t\t<div class=\"elementor-element elementor-element-186f593 elementor-widget elementor-widget-image\" data-id=\"186f593\" data-element_type=\"widget\" data-widget_type=\"image.default\">\n\t\t\t\t<div class=\"elementor-widget-container\">\n\t\t\t<style>\/*! elementor - v3.6.5 - 27-04-2022 *\/\n.elementor-widget-image{text-align:center}.elementor-widget-image a{display:inline-block}.elementor-widget-image a img[src$=\".svg\"]{width:48px}.elementor-widget-image img{vertical-align:middle;display:inline-block}<\/style>\t\t\t\t\t\t\t\t\t\t\t\t<img width=\"211\" height=\"211\" src=\"https:\/\/myepal.eu\/wp-content\/uploads\/2023\/05\/Picture1-1.png\" class=\"attachment-full size-full\" alt=\"\" loading=\"lazy\" srcset=\"https:\/\/myepal.eu\/wp-content\/uploads\/2023\/05\/Picture1-1.png 211w, https:\/\/myepal.eu\/wp-content\/uploads\/2023\/05\/Picture1-1-150x150.png 150w\" sizes=\"(max-width: 211px) 100vw, 211px\" \/>\t\t\t\t\t\t\t\t\t\t\t\t\t\t\t<\/div>\n\t\t\t\t<\/div>\n\t\t\t\t<div class=\"elementor-element elementor-element-b7f52e0 elementor-widget elementor-widget-image\" data-id=\"b7f52e0\" data-element_type=\"widget\" data-widget_type=\"image.default\">\n\t\t\t\t<div class=\"elementor-widget-container\">\n\t\t\t\t\t\t\t\t\t\t\t\t\t\t\t<img width=\"428\" height=\"224\" src=\"https:\/\/myepal.eu\/wp-content\/uploads\/2023\/05\/Picture2.png\" class=\"attachment-large size-large\" alt=\"\" loading=\"lazy\" srcset=\"https:\/\/myepal.eu\/wp-content\/uploads\/2023\/05\/Picture2.png 428w, https:\/\/myepal.eu\/wp-content\/uploads\/2023\/05\/Picture2-300x157.png 300w\" sizes=\"(max-width: 428px) 100vw, 428px\" \/>\t\t\t\t\t\t\t\t\t\t\t\t\t\t\t<\/div>\n\t\t\t\t<\/div>\n\t\t\t\t<div class=\"elementor-element elementor-element-6e304ea elementor-widget__width-inherit elementor-widget elementor-widget-text-editor\" data-id=\"6e304ea\" data-element_type=\"widget\" data-widget_type=\"text-editor.default\">\n\t\t\t\t<div class=\"elementor-widget-container\">\n\t\t\t<style>\/*! elementor - v3.6.5 - 27-04-2022 *\/\n.elementor-widget-text-editor.elementor-drop-cap-view-stacked .elementor-drop-cap{background-color:#818a91;color:#fff}.elementor-widget-text-editor.elementor-drop-cap-view-framed .elementor-drop-cap{color:#818a91;border:3px solid;background-color:transparent}.elementor-widget-text-editor:not(.elementor-drop-cap-view-default) .elementor-drop-cap{margin-top:8px}.elementor-widget-text-editor:not(.elementor-drop-cap-view-default) .elementor-drop-cap-letter{width:1em;height:1em}.elementor-widget-text-editor .elementor-drop-cap{float:left;text-align:center;line-height:1;font-size:50px}.elementor-widget-text-editor .elementor-drop-cap-letter{display:inline-block}<\/style>\t\t\t\t<p> <\/p><p>Cette activit\u00e9 a con\u00e7u des actions psychosociales innovantes, des outils informatiques cr\u00e9atifs, des m\u00e9thodologies, des bonnes pratiques et du mat\u00e9riel num\u00e9rique. Cette exp\u00e9rience d&rsquo;apprentissage visait \u00e0 aider les personnes \u00e2g\u00e9es \u00e0 r\u00e9duire leur niveau d&rsquo;anxi\u00e9t\u00e9, \u00e0 minimiser les \u00e9pisodes d\u00e9pressifs, \u00e0 renforcer l&rsquo;inclusion sociale et la citoyennet\u00e9 active en acqu\u00e9rant de meilleures comp\u00e9tences en TIC. Le projet visait surtout \u00e0 soutenir les personnes \u00e2g\u00e9es pour qu&rsquo;elles soient entendues et non stigmatis\u00e9es ou exclues des soci\u00e9t\u00e9s d&rsquo;aujourd&rsquo;hui.<\/p><p> <\/p><p>Les interventions ont \u00e9t\u00e9 men\u00e9es par de jeunes b\u00e9n\u00e9voles\/professionnels dans le domaine de la jeunesse (18-30 ans) afin d&rsquo;am\u00e9liorer les conditions de vie et le bien- \u00eatre des utilisateurs finaux (personnes \u00e2g\u00e9es de 60 ans et plus), qui ont \u00e9t\u00e9 aggrav\u00e9s en raison du confinement et de l&rsquo;incertitude li\u00e9e \u00e0 la pand\u00e9mie. Des ateliers locaux ont \u00e9t\u00e9 organis\u00e9s avec des personnes \u00e2g\u00e9es en Belgique et en Bulgarie. Dans ces ateliers, 2 jeunes b\u00e9n\u00e9voles par pays, ayant pr\u00e9alablement particip\u00e9 \u00e0 la formation du projet, ont supervis\u00e9 et dirig\u00e9 l&rsquo;ensemble du processus.<\/p><p> <\/p><p>Cette activit\u00e9 a sensibilis\u00e9 \u00e0 l&rsquo;importance du bien-\u00eatre et du vieillissement actif tout en r\u00e9duisant l&rsquo;\u00e9cart interg\u00e9n\u00e9rationnel.<\/p><p>De plus, le mat\u00e9riel de formation utilis\u00e9 dans le projet pourrait s&rsquo;av\u00e9rer tr\u00e8s utile dans divers contextes car il facilitera le travail de nombreuses personnes travaillant dans des organisations et des institutions pertinentes<\/p>\t\t\t\t\t\t<\/div>\n\t\t\t\t<\/div>\n\t\t\t\t\t<\/div>\n\t\t<\/div>\n\t\t\t\t\t\t\t<\/div>\n\t\t<\/section>\n\t\t\t\t<section class=\"elementor-section elementor-top-section elementor-element elementor-element-252b22b elementor-section-boxed elementor-section-height-default elementor-section-height-default\" data-id=\"252b22b\" data-element_type=\"section\" data-settings=\"{&quot;background_background&quot;:&quot;classic&quot;}\">\n\t\t\t\t\t\t<div class=\"elementor-container elementor-column-gap-default\">\n\t\t\t\t\t<div class=\"elementor-column elementor-col-33 elementor-top-column elementor-element elementor-element-f2b0719\" data-id=\"f2b0719\" data-element_type=\"column\">\n\t\t\t<div class=\"elementor-widget-wrap elementor-element-populated\">\n\t\t\t\t\t\t\t\t<div class=\"elementor-element elementor-element-ec7ad87 e-transform elementor-invisible elementor-widget elementor-widget-wp-widget-nav_menu\" data-id=\"ec7ad87\" data-element_type=\"widget\" data-settings=\"{&quot;_animation&quot;:&quot;fadeInLeft&quot;,&quot;_transform_translateX_effect&quot;:{&quot;unit&quot;:&quot;px&quot;,&quot;size&quot;:-61,&quot;sizes&quot;:[]},&quot;_transform_translateY_effect&quot;:{&quot;unit&quot;:&quot;px&quot;,&quot;size&quot;:23,&quot;sizes&quot;:[]},&quot;_transform_translateX_effect_tablet&quot;:{&quot;unit&quot;:&quot;px&quot;,&quot;size&quot;:&quot;&quot;,&quot;sizes&quot;:[]},&quot;_transform_translateX_effect_mobile&quot;:{&quot;unit&quot;:&quot;px&quot;,&quot;size&quot;:&quot;&quot;,&quot;sizes&quot;:[]},&quot;_transform_translateY_effect_tablet&quot;:{&quot;unit&quot;:&quot;px&quot;,&quot;size&quot;:&quot;&quot;,&quot;sizes&quot;:[]},&quot;_transform_translateY_effect_mobile&quot;:{&quot;unit&quot;:&quot;px&quot;,&quot;size&quot;:&quot;&quot;,&quot;sizes&quot;:[]}}\" data-widget_type=\"wp-widget-nav_menu.default\">\n\t\t\t\t<div class=\"elementor-widget-container\">\n\t\t\t<h5>Website navigation<\/h5><div class=\"menu-main-menu-fr-container\"><ul id=\"menu-main-menu-fr\" class=\"menu\"><li id=\"menu-item-966\" class=\"menu-item menu-item-type-post_type menu-item-object-page menu-item-home menu-item-966\"><a href=\"https:\/\/myepal.eu\/fr\/\">Accueil<\/a><\/li>\n<li id=\"menu-item-967\" class=\"menu-item menu-item-type-post_type menu-item-object-page menu-item-967\"><a href=\"https:\/\/myepal.eu\/fr\/projet\/\">Projet<\/a><\/li>\n<li id=\"menu-item-968\" class=\"menu-item menu-item-type-post_type menu-item-object-page menu-item-968\"><a href=\"https:\/\/myepal.eu\/fr\/manuel\/\">Manuel<\/a><\/li>\n<li id=\"menu-item-969\" class=\"menu-item menu-item-type-post_type menu-item-object-page menu-item-969\"><a href=\"https:\/\/myepal.eu\/fr\/activites\/\">Intervention communautaire<\/a><\/li>\n<li id=\"menu-item-970\" class=\"menu-item menu-item-type-custom menu-item-object-custom menu-item-has-children menu-item-970\"><a href=\"#\">Partenaires<\/a>\n<ul class=\"sub-menu\">\n\t<li id=\"menu-item-971\" class=\"menu-item menu-item-type-post_type menu-item-object-page menu-item-971\"><a href=\"https:\/\/myepal.eu\/fr\/connect-your-city-brussels\/\">Connect Your City \u2013 Brussels<\/a><\/li>\n\t<li id=\"menu-item-972\" class=\"menu-item menu-item-type-post_type menu-item-object-page menu-item-972\"><a href=\"https:\/\/myepal.eu\/fr\/blocks-a-ete-fonde-com\/\">Blocks \u2013 a \u00e9t\u00e9 fond\u00e9 com<\/a><\/li>\n<\/ul>\n<\/li>\n<li id=\"menu-item-973\" class=\"menu-item menu-item-type-post_type menu-item-object-page menu-item-973\"><a href=\"https:\/\/myepal.eu\/fr\/contactez-nous\/\">Contactez-nous<\/a><\/li>\n<li id=\"menu-item-974\" class=\"menu-item menu-item-type-post_type menu-item-object-page current_page_parent menu-item-974\"><a href=\"https:\/\/myepal.eu\/fr\/blog\/\">Blog<\/a><\/li>\n<li id=\"menu-item-wpml-ls-8-fr\" class=\"menu-item wpml-ls-slot-8 wpml-ls-item wpml-ls-item-fr wpml-ls-current-language wpml-ls-menu-item wpml-ls-last-item menu-item-type-wpml_ls_menu_item menu-item-object-wpml_ls_menu_item menu-item-has-children menu-item-wpml-ls-8-fr\"><a href=\"https:\/\/myepal.eu\/fr\/\"><img\n            class=\"wpml-ls-flag\"\n            src=\"https:\/\/myepal.eu\/wp-content\/plugins\/sitepress-multilingual-cms\/res\/flags\/fr.png\"\n            alt=\"Fran\u00e7ais\"\n            \n            \n    \/><\/a>\n<ul class=\"sub-menu\">\n\t<li id=\"menu-item-wpml-ls-8-bg\" class=\"menu-item wpml-ls-slot-8 wpml-ls-item wpml-ls-item-bg wpml-ls-menu-item wpml-ls-first-item menu-item-type-wpml_ls_menu_item menu-item-object-wpml_ls_menu_item menu-item-wpml-ls-8-bg\"><a href=\"https:\/\/myepal.eu\/bg\/\"><img\n            class=\"wpml-ls-flag\"\n            src=\"https:\/\/myepal.eu\/wp-content\/plugins\/sitepress-multilingual-cms\/res\/flags\/bg.png\"\n            alt=\"Bulgare\"\n            \n            \n    \/><\/a><\/li>\n\t<li id=\"menu-item-wpml-ls-8-en\" class=\"menu-item wpml-ls-slot-8 wpml-ls-item wpml-ls-item-en wpml-ls-menu-item menu-item-type-wpml_ls_menu_item menu-item-object-wpml_ls_menu_item menu-item-wpml-ls-8-en\"><a href=\"https:\/\/myepal.eu\"><img\n            class=\"wpml-ls-flag\"\n            src=\"https:\/\/myepal.eu\/wp-content\/plugins\/sitepress-multilingual-cms\/res\/flags\/en.png\"\n            alt=\"Anglais\"\n            \n            \n    \/><\/a><\/li>\n<\/ul>\n<\/li>\n<\/ul><\/div>\t\t<\/div>\n\t\t\t\t<\/div>\n\t\t\t\t\t<\/div>\n\t\t<\/div>\n\t\t\t\t<div class=\"elementor-column elementor-col-33 elementor-top-column elementor-element elementor-element-a4d6ed7\" data-id=\"a4d6ed7\" data-element_type=\"column\">\n\t\t\t<div class=\"elementor-widget-wrap elementor-element-populated\">\n\t\t\t\t\t\t\t\t<div class=\"elementor-element elementor-element-0a65388 e-transform e-transform elementor-invisible elementor-widget elementor-widget-wp-widget-calendar\" data-id=\"0a65388\" data-element_type=\"widget\" data-settings=\"{&quot;_animation&quot;:&quot;fadeInUp&quot;,&quot;_transform_scale_effect&quot;:{&quot;unit&quot;:&quot;px&quot;,&quot;size&quot;:0.8,&quot;sizes&quot;:[]},&quot;_transform_translateY_effect&quot;:{&quot;unit&quot;:&quot;px&quot;,&quot;size&quot;:-1,&quot;sizes&quot;:[]},&quot;_transform_translateX_effect&quot;:{&quot;unit&quot;:&quot;px&quot;,&quot;size&quot;:&quot;&quot;,&quot;sizes&quot;:[]},&quot;_transform_translateX_effect_tablet&quot;:{&quot;unit&quot;:&quot;px&quot;,&quot;size&quot;:&quot;&quot;,&quot;sizes&quot;:[]},&quot;_transform_translateX_effect_mobile&quot;:{&quot;unit&quot;:&quot;px&quot;,&quot;size&quot;:&quot;&quot;,&quot;sizes&quot;:[]},&quot;_transform_translateY_effect_tablet&quot;:{&quot;unit&quot;:&quot;px&quot;,&quot;size&quot;:&quot;&quot;,&quot;sizes&quot;:[]},&quot;_transform_translateY_effect_mobile&quot;:{&quot;unit&quot;:&quot;px&quot;,&quot;size&quot;:&quot;&quot;,&quot;sizes&quot;:[]},&quot;_transform_scale_effect_tablet&quot;:{&quot;unit&quot;:&quot;px&quot;,&quot;size&quot;:&quot;&quot;,&quot;sizes&quot;:[]},&quot;_transform_scale_effect_mobile&quot;:{&quot;unit&quot;:&quot;px&quot;,&quot;size&quot;:&quot;&quot;,&quot;sizes&quot;:[]}}\" data-widget_type=\"wp-widget-calendar.default\">\n\t\t\t\t<div class=\"elementor-widget-container\">\n\t\t\t<div id=\"calendar_wrap\" class=\"calendar_wrap\"><table id=\"wp-calendar\" class=\"wp-calendar-table\">\n\t<caption>avril 2026<\/caption>\n\t<thead>\n\t<tr>\n\t\t<th scope=\"col\" title=\"lundi\">L<\/th>\n\t\t<th scope=\"col\" title=\"mardi\">M<\/th>\n\t\t<th scope=\"col\" title=\"mercredi\">M<\/th>\n\t\t<th scope=\"col\" title=\"jeudi\">J<\/th>\n\t\t<th scope=\"col\" title=\"vendredi\">V<\/th>\n\t\t<th scope=\"col\" title=\"samedi\">S<\/th>\n\t\t<th scope=\"col\" title=\"dimanche\">D<\/th>\n\t<\/tr>\n\t<\/thead>\n\t<tbody>\n\t<tr>\n\t\t<td colspan=\"2\" class=\"pad\">&nbsp;<\/td><td>1<\/td><td>2<\/td><td>3<\/td><td>4<\/td><td>5<\/td>\n\t<\/tr>\n\t<tr>\n\t\t<td>6<\/td><td>7<\/td><td>8<\/td><td>9<\/td><td>10<\/td><td>11<\/td><td>12<\/td>\n\t<\/tr>\n\t<tr>\n\t\t<td>13<\/td><td>14<\/td><td>15<\/td><td>16<\/td><td>17<\/td><td>18<\/td><td id=\"today\">19<\/td>\n\t<\/tr>\n\t<tr>\n\t\t<td>20<\/td><td>21<\/td><td>22<\/td><td>23<\/td><td>24<\/td><td>25<\/td><td>26<\/td>\n\t<\/tr>\n\t<tr>\n\t\t<td>27<\/td><td>28<\/td><td>29<\/td><td>30<\/td>\n\t\t<td class=\"pad\" colspan=\"3\">&nbsp;<\/td>\n\t<\/tr>\n\t<\/tbody>\n\t<\/table><nav aria-label=\"Mois pr\u00e9c\u00e9dents et suivants\" class=\"wp-calendar-nav\">\n\t\t<span class=\"wp-calendar-nav-prev\"><a href=\"https:\/\/myepal.eu\/fr\/2023\/05\/\">&laquo; Mai<\/a><\/span>\n\t\t<span class=\"pad\">&nbsp;<\/span>\n\t\t<span class=\"wp-calendar-nav-next\">&nbsp;<\/span>\n\t<\/nav><\/div>\t\t<\/div>\n\t\t\t\t<\/div>\n\t\t\t\t\t<\/div>\n\t\t<\/div>\n\t\t\t\t<div class=\"elementor-column elementor-col-33 elementor-top-column elementor-element elementor-element-32cead3\" data-id=\"32cead3\" data-element_type=\"column\">\n\t\t\t<div class=\"elementor-widget-wrap elementor-element-populated\">\n\t\t\t\t\t\t\t\t<div class=\"elementor-element elementor-element-af6f632 e-transform elementor-invisible elementor-widget elementor-widget-wp-widget-recent-posts\" data-id=\"af6f632\" data-element_type=\"widget\" data-settings=\"{&quot;_animation&quot;:&quot;fadeInRight&quot;,&quot;_transform_translateX_effect&quot;:{&quot;unit&quot;:&quot;px&quot;,&quot;size&quot;:171,&quot;sizes&quot;:[]},&quot;_transform_translateY_effect&quot;:{&quot;unit&quot;:&quot;px&quot;,&quot;size&quot;:23,&quot;sizes&quot;:[]},&quot;_transform_translateX_effect_tablet&quot;:{&quot;unit&quot;:&quot;px&quot;,&quot;size&quot;:&quot;&quot;,&quot;sizes&quot;:[]},&quot;_transform_translateX_effect_mobile&quot;:{&quot;unit&quot;:&quot;px&quot;,&quot;size&quot;:&quot;&quot;,&quot;sizes&quot;:[]},&quot;_transform_translateY_effect_tablet&quot;:{&quot;unit&quot;:&quot;px&quot;,&quot;size&quot;:&quot;&quot;,&quot;sizes&quot;:[]},&quot;_transform_translateY_effect_mobile&quot;:{&quot;unit&quot;:&quot;px&quot;,&quot;size&quot;:&quot;&quot;,&quot;sizes&quot;:[]}}\" data-widget_type=\"wp-widget-recent-posts.default\">\n\t\t\t\t<div class=\"elementor-widget-container\">\n\t\t\t\n\t\t\n\t\t<h5>Articles r\u00e9cents<\/h5>\n\t\t<ul>\n\t\t\t\t\t\t\t\t\t\t\t<li>\n\t\t\t\t\t<a href=\"https:\/\/myepal.eu\/fr\/notre-troisieme-lettre-dinformation\/\">Notre troisi\u00e8me lettre d&rsquo;information !<\/a>\n\t\t\t\t\t\t\t\t\t<\/li>\n\t\t\t\t\t\t\t\t\t\t\t<li>\n\t\t\t\t\t<a href=\"https:\/\/myepal.eu\/fr\/notre-deuxieme-lettre-dinformation\/\">Notre deuxi\u00e8me lettre d&rsquo;information!<\/a>\n\t\t\t\t\t\t\t\t\t<\/li>\n\t\t\t\t\t\t\t\t\t\t\t<li>\n\t\t\t\t\t<a href=\"https:\/\/myepal.eu\/fr\/notre-premiere-lettre-dinformation\/\">Notre premi\u00e8re lettre d&rsquo;information !<\/a>\n\t\t\t\t\t\t\t\t\t<\/li>\n\t\t\t\t\t<\/ul>\n\n\t\t\t\t<\/div>\n\t\t\t\t<\/div>\n\t\t\t\t<div class=\"elementor-element elementor-element-f8a692c e-transform elementor-widget elementor-widget-text-editor\" data-id=\"f8a692c\" data-element_type=\"widget\" data-settings=\"{&quot;_transform_translateX_effect&quot;:{&quot;unit&quot;:&quot;px&quot;,&quot;size&quot;:171,&quot;sizes&quot;:[]},&quot;_transform_translateY_effect&quot;:{&quot;unit&quot;:&quot;px&quot;,&quot;size&quot;:1,&quot;sizes&quot;:[]},&quot;_transform_translateX_effect_tablet&quot;:{&quot;unit&quot;:&quot;px&quot;,&quot;size&quot;:&quot;&quot;,&quot;sizes&quot;:[]},&quot;_transform_translateX_effect_mobile&quot;:{&quot;unit&quot;:&quot;px&quot;,&quot;size&quot;:&quot;&quot;,&quot;sizes&quot;:[]},&quot;_transform_translateY_effect_tablet&quot;:{&quot;unit&quot;:&quot;px&quot;,&quot;size&quot;:&quot;&quot;,&quot;sizes&quot;:[]},&quot;_transform_translateY_effect_mobile&quot;:{&quot;unit&quot;:&quot;px&quot;,&quot;size&quot;:&quot;&quot;,&quot;sizes&quot;:[]}}\" data-widget_type=\"text-editor.default\">\n\t\t\t\t<div class=\"elementor-widget-container\">\n\t\t\t\t\t\t\t<p style=\"text-align: left;\"><span style=\"text-decoration: underline;\"><a href=\"https:\/\/erasmus-plus.ec.europa.eu\/projects\/search\/details\/2021-2-BE01-KA210-ADU-000051585\" target=\"_blank\" rel=\"noopener\"><b>Retrouvez les r\u00e9sultats du projet sur la plateforme Erasmus+<\/b><\/a><\/span><\/p><p><img loading=\"lazy\" class=\"wp-image-1061 alignleft\" src=\"https:\/\/myepal.eu\/wp-content\/uploads\/2023\/05\/EN-V-Funded-by-the-EU_POS-296x300.jpg\" alt=\"\" width=\"116\" height=\"117\" srcset=\"https:\/\/myepal.eu\/wp-content\/uploads\/2023\/05\/EN-V-Funded-by-the-EU_POS-296x300.jpg 296w, https:\/\/myepal.eu\/wp-content\/uploads\/2023\/05\/EN-V-Funded-by-the-EU_POS-150x150.jpg 150w, https:\/\/myepal.eu\/wp-content\/uploads\/2023\/05\/EN-V-Funded-by-the-EU_POS-768x778.jpg 768w, https:\/\/myepal.eu\/wp-content\/uploads\/2023\/05\/EN-V-Funded-by-the-EU_POS-600x600.jpg 600w, https:\/\/myepal.eu\/wp-content\/uploads\/2023\/05\/EN-V-Funded-by-the-EU_POS.jpg 910w\" sizes=\"(max-width: 116px) 100vw, 116px\" \/><\/p>\t\t\t\t\t\t<\/div>\n\t\t\t\t<\/div>\n\t\t\t\t\t<\/div>\n\t\t<\/div>\n\t\t\t\t\t\t\t<\/div>\n\t\t<\/section>\n\t\t\t\t\t\t\t<\/div>\n\t\t","protected":false},"excerpt":{"rendered":"<p>INTERVENTION COMMUNAUTAIRE Cette activit\u00e9 a con\u00e7u des actions psychosociales innovantes, des outils informatiques cr\u00e9atifs, des m\u00e9thodologies, des bonnes pratiques et du mat\u00e9riel num\u00e9rique. Cette exp\u00e9rience d&rsquo;apprentissage visait \u00e0 aider les personnes \u00e2g\u00e9es \u00e0 r\u00e9duire leur niveau d&rsquo;anxi\u00e9t\u00e9, \u00e0 minimiser les \u00e9pisodes d\u00e9pressifs, \u00e0 renforcer l&rsquo;inclusion sociale et la citoyennet\u00e9 active en acqu\u00e9rant de meilleures comp\u00e9tences [&hellip;]<\/p>\n","protected":false},"author":2,"featured_media":0,"parent":0,"menu_order":0,"comment_status":"closed","ping_status":"closed","template":"","meta":[],"_links":{"self":[{"href":"https:\/\/myepal.eu\/fr\/wp-json\/wp\/v2\/pages\/951"}],"collection":[{"href":"https:\/\/myepal.eu\/fr\/wp-json\/wp\/v2\/pages"}],"about":[{"href":"https:\/\/myepal.eu\/fr\/wp-json\/wp\/v2\/types\/page"}],"author":[{"embeddable":true,"href":"https:\/\/myepal.eu\/fr\/wp-json\/wp\/v2\/users\/2"}],"replies":[{"embeddable":true,"href":"https:\/\/myepal.eu\/fr\/wp-json\/wp\/v2\/comments?post=951"}],"version-history":[{"count":5,"href":"https:\/\/myepal.eu\/fr\/wp-json\/wp\/v2\/pages\/951\/revisions"}],"predecessor-version":[{"id":1139,"href":"https:\/\/myepal.eu\/fr\/wp-json\/wp\/v2\/pages\/951\/revisions\/1139"}],"wp:attachment":[{"href":"https:\/\/myepal.eu\/fr\/wp-json\/wp\/v2\/media?parent=951"}],"curies":[{"name":"wp","href":"https:\/\/api.w.org\/{rel}","templated":true}]}}