{"id":954,"date":"2016-11-29T05:05:02","date_gmt":"2016-11-29T05:05:02","guid":{"rendered":"https:\/\/myepal.eu\/contactez-nous\/"},"modified":"2022-08-29T12:07:11","modified_gmt":"2022-08-29T12:07:11","slug":"contactez-nous","status":"publish","type":"page","link":"https:\/\/myepal.eu\/fr\/contactez-nous\/","title":{"rendered":"Contactez-nous"},"content":{"rendered":"\t\t<div data-elementor-type=\"wp-page\" data-elementor-id=\"954\" class=\"elementor elementor-954 elementor-82\">\n\t\t\t\t\t\t\t\t\t<section class=\"elementor-section elementor-top-section elementor-element elementor-element-hdhwtjh elementor-section-boxed elementor-section-height-default elementor-section-height-default\" data-id=\"hdhwtjh\" data-element_type=\"section\">\n\t\t\t\t\t\t<div class=\"elementor-container elementor-column-gap-default\">\n\t\t\t\t\t<div class=\"elementor-column elementor-col-100 elementor-top-column elementor-element elementor-element-hencdof\" data-id=\"hencdof\" data-element_type=\"column\">\n\t\t\t<div class=\"elementor-widget-wrap elementor-element-populated\">\n\t\t\t\t\t\t\t\t<div class=\"elementor-element elementor-element-69e00a1 elementor-widget elementor-widget-spacer\" data-id=\"69e00a1\" data-element_type=\"widget\" data-widget_type=\"spacer.default\">\n\t\t\t\t<div class=\"elementor-widget-container\">\n\t\t\t<style>\/*! elementor - v3.6.5 - 27-04-2022 *\/\n.e-container.e-container--row .elementor-spacer-inner{width:var(--spacer-size)}.e-container.e-container--column .elementor-spacer-inner,.elementor-column .elementor-spacer-inner{height:var(--spacer-size)}<\/style>\t\t<div class=\"elementor-spacer\">\n\t\t\t<div class=\"elementor-spacer-inner\"><\/div>\n\t\t<\/div>\n\t\t\t\t<\/div>\n\t\t\t\t<\/div>\n\t\t\t\t<section class=\"elementor-section elementor-inner-section elementor-element elementor-element-bsriajy elementor-section-content-middle elementor-section-boxed elementor-section-height-default elementor-section-height-default\" data-id=\"bsriajy\" data-element_type=\"section\">\n\t\t\t\t\t\t<div class=\"elementor-container elementor-column-gap-default\">\n\t\t\t\t\t<div class=\"elementor-column elementor-col-50 elementor-inner-column elementor-element elementor-element-cqhmyeh\" data-id=\"cqhmyeh\" data-element_type=\"column\">\n\t\t\t<div class=\"elementor-widget-wrap elementor-element-populated\">\n\t\t\t\t\t\t\t\t<div class=\"elementor-element elementor-element-13d26f6 elementor-invisible elementor-widget elementor-widget-image\" data-id=\"13d26f6\" data-element_type=\"widget\" data-settings=\"{&quot;_animation&quot;:&quot;fadeInLeft&quot;}\" data-widget_type=\"image.default\">\n\t\t\t\t<div class=\"elementor-widget-container\">\n\t\t\t<style>\/*! elementor - v3.6.5 - 27-04-2022 *\/\n.elementor-widget-image{text-align:center}.elementor-widget-image a{display:inline-block}.elementor-widget-image a img[src$=\".svg\"]{width:48px}.elementor-widget-image img{vertical-align:middle;display:inline-block}<\/style>\t\t\t\t\t\t\t\t\t\t\t\t<img width=\"768\" height=\"769\" src=\"https:\/\/myepal.eu\/wp-content\/uploads\/2022\/05\/e-Pal_LOGOS_secundary_color-768x769.png\" class=\"attachment-medium_large size-medium_large\" alt=\"\" loading=\"lazy\" srcset=\"https:\/\/myepal.eu\/wp-content\/uploads\/2022\/05\/e-Pal_LOGOS_secundary_color-768x769.png 768w, https:\/\/myepal.eu\/wp-content\/uploads\/2022\/05\/e-Pal_LOGOS_secundary_color-300x300.png 300w, https:\/\/myepal.eu\/wp-content\/uploads\/2022\/05\/e-Pal_LOGOS_secundary_color-150x150.png 150w, https:\/\/myepal.eu\/wp-content\/uploads\/2022\/05\/e-Pal_LOGOS_secundary_color-600x600.png 600w, https:\/\/myepal.eu\/wp-content\/uploads\/2022\/05\/e-Pal_LOGOS_secundary_color.png 834w\" sizes=\"(max-width: 768px) 100vw, 768px\" \/>\t\t\t\t\t\t\t\t\t\t\t\t\t\t\t<\/div>\n\t\t\t\t<\/div>\n\t\t\t\t\t<\/div>\n\t\t<\/div>\n\t\t\t\t<div class=\"elementor-column elementor-col-50 elementor-inner-column elementor-element elementor-element-0tqt8fl\" data-id=\"0tqt8fl\" data-element_type=\"column\">\n\t\t\t<div class=\"elementor-widget-wrap elementor-element-populated\">\n\t\t\t\t\t\t\t\t<div class=\"elementor-element elementor-element-27227ab elementor-invisible elementor-widget elementor-widget-wpforms\" data-id=\"27227ab\" data-element_type=\"widget\" data-settings=\"{&quot;_animation&quot;:&quot;fadeInRight&quot;}\" data-widget_type=\"wpforms.default\">\n\t\t\t\t<div class=\"elementor-widget-container\">\n\t\t\t<div class=\"wpforms-container wpforms-container-full\" id=\"wpforms-1000\"><form id=\"wpforms-form-1000\" class=\"wpforms-validate wpforms-form wpforms-ajax-form\" data-formid=\"1000\" method=\"post\" enctype=\"multipart\/form-data\" action=\"\/fr\/wp-json\/wp\/v2\/pages\/954\" data-token=\"93a30e0d8a74a7d4ef75e0feb9a669f1\"><noscript class=\"wpforms-error-noscript\">Veuillez activer JavaScript dans votre navigateur pour remplir ce formulaire.<\/noscript><div class=\"wpforms-field-container\"><div id=\"wpforms-1000-field_0-container\" class=\"wpforms-field wpforms-field-name\" data-field-id=\"0\"><label class=\"wpforms-field-label\" for=\"wpforms-1000-field_0\">Nom et pr\u00e9nom <span class=\"wpforms-required-label\">*<\/span><\/label><div class=\"wpforms-field-row wpforms-field-medium\"><div class=\"wpforms-field-row-block wpforms-first wpforms-one-half\"><input type=\"text\" id=\"wpforms-1000-field_0\" class=\"wpforms-field-name-first wpforms-field-required\" name=\"wpforms[fields][0][first]\" required><label for=\"wpforms-1000-field_0\" class=\"wpforms-field-sublabel after \">Pr\u00e9nom<\/label><\/div><div class=\"wpforms-field-row-block wpforms-one-half\"><input type=\"text\" id=\"wpforms-1000-field_0-last\" class=\"wpforms-field-name-last wpforms-field-required\" name=\"wpforms[fields][0][last]\" required><label for=\"wpforms-1000-field_0-last\" class=\"wpforms-field-sublabel after \">Nom<\/label><\/div><\/div><\/div><div id=\"wpforms-1000-field_1-container\" class=\"wpforms-field wpforms-field-email\" data-field-id=\"1\"><label class=\"wpforms-field-label\" for=\"wpforms-1000-field_1\">Courrier \u00e9lectronique : <span class=\"wpforms-required-label\">*<\/span><\/label><input type=\"email\" id=\"wpforms-1000-field_1\" class=\"wpforms-field-medium wpforms-field-required\" name=\"wpforms[fields][1]\" required><\/div><div id=\"wpforms-1000-field_2-container\" class=\"wpforms-field wpforms-field-textarea\" data-field-id=\"2\"><label class=\"wpforms-field-label\" for=\"wpforms-1000-field_2\">Commentaire ou message <span class=\"wpforms-required-label\">*<\/span><\/label><textarea id=\"wpforms-1000-field_2\" class=\"wpforms-field-medium wpforms-field-required\" name=\"wpforms[fields][2]\" required><\/textarea><\/div><\/div><div class=\"wpforms-submit-container\"><input type=\"hidden\" name=\"wpforms[id]\" value=\"1000\"><input type=\"hidden\" name=\"wpforms[author]\" value=\"2\"><button type=\"submit\" name=\"wpforms[submit]\" id=\"wpforms-submit-1000\" class=\"wpforms-submit\" data-alt-text=\"Envoi...\" data-submit-text=\"Soumettre\" aria-live=\"assertive\" value=\"wpforms-submit\">Soumettre<\/button><img loading=\"lazy\" src=\"https:\/\/myepal.eu\/wp-content\/plugins\/wpforms-lite\/assets\/images\/submit-spin.svg\" class=\"wpforms-submit-spinner\" style=\"display: none;\" width=\"26\" height=\"26\" alt=\"\"><\/div><\/form><\/div>  <!-- .wpforms-container -->\t\t<\/div>\n\t\t\t\t<\/div>\n\t\t\t\t\t<\/div>\n\t\t<\/div>\n\t\t\t\t\t\t\t<\/div>\n\t\t<\/section>\n\t\t\t\t\t<\/div>\n\t\t<\/div>\n\t\t\t\t\t\t\t<\/div>\n\t\t<\/section>\n\t\t\t\t<section class=\"elementor-section elementor-top-section elementor-element elementor-element-8552d55 elementor-section-boxed elementor-section-height-default elementor-section-height-default\" data-id=\"8552d55\" data-element_type=\"section\">\n\t\t\t\t\t\t<div class=\"elementor-container elementor-column-gap-default\">\n\t\t\t\t\t<div class=\"elementor-column elementor-col-100 elementor-top-column elementor-element elementor-element-4ba008c\" data-id=\"4ba008c\" data-element_type=\"column\">\n\t\t\t<div class=\"elementor-widget-wrap elementor-element-populated\">\n\t\t\t\t\t\t\t\t<div class=\"elementor-element elementor-element-ae8014c elementor-widget elementor-widget-spacer\" data-id=\"ae8014c\" data-element_type=\"widget\" data-widget_type=\"spacer.default\">\n\t\t\t\t<div class=\"elementor-widget-container\">\n\t\t\t\t\t<div class=\"elementor-spacer\">\n\t\t\t<div class=\"elementor-spacer-inner\"><\/div>\n\t\t<\/div>\n\t\t\t\t<\/div>\n\t\t\t\t<\/div>\n\t\t\t\t\t<\/div>\n\t\t<\/div>\n\t\t\t\t\t\t\t<\/div>\n\t\t<\/section>\n\t\t\t\t<section class=\"elementor-section elementor-top-section elementor-element elementor-element-7bbdded elementor-section-stretched elementor-section-boxed elementor-section-height-default elementor-section-height-default\" data-id=\"7bbdded\" data-element_type=\"section\" data-settings=\"{&quot;background_background&quot;:&quot;classic&quot;,&quot;stretch_section&quot;:&quot;section-stretched&quot;}\">\n\t\t\t\t\t\t<div class=\"elementor-container elementor-column-gap-default\">\n\t\t\t\t\t<div class=\"elementor-column elementor-col-33 elementor-top-column elementor-element elementor-element-3ed8b88\" data-id=\"3ed8b88\" data-element_type=\"column\">\n\t\t\t<div class=\"elementor-widget-wrap elementor-element-populated\">\n\t\t\t\t\t\t\t\t<div class=\"elementor-element elementor-element-6adf025 e-transform elementor-invisible elementor-widget elementor-widget-wp-widget-nav_menu\" data-id=\"6adf025\" data-element_type=\"widget\" data-settings=\"{&quot;_animation&quot;:&quot;fadeInLeft&quot;,&quot;_transform_translateX_effect&quot;:{&quot;unit&quot;:&quot;px&quot;,&quot;size&quot;:-61,&quot;sizes&quot;:[]},&quot;_transform_translateY_effect&quot;:{&quot;unit&quot;:&quot;px&quot;,&quot;size&quot;:37,&quot;sizes&quot;:[]},&quot;_transform_translateX_effect_tablet&quot;:{&quot;unit&quot;:&quot;px&quot;,&quot;size&quot;:&quot;&quot;,&quot;sizes&quot;:[]},&quot;_transform_translateX_effect_mobile&quot;:{&quot;unit&quot;:&quot;px&quot;,&quot;size&quot;:&quot;&quot;,&quot;sizes&quot;:[]},&quot;_transform_translateY_effect_tablet&quot;:{&quot;unit&quot;:&quot;px&quot;,&quot;size&quot;:&quot;&quot;,&quot;sizes&quot;:[]},&quot;_transform_translateY_effect_mobile&quot;:{&quot;unit&quot;:&quot;px&quot;,&quot;size&quot;:&quot;&quot;,&quot;sizes&quot;:[]}}\" data-widget_type=\"wp-widget-nav_menu.default\">\n\t\t\t\t<div class=\"elementor-widget-container\">\n\t\t\t<h5>Website navigation<\/h5><div class=\"menu-main-menu-fr-container\"><ul id=\"menu-main-menu-fr\" class=\"menu\"><li id=\"menu-item-966\" class=\"menu-item menu-item-type-post_type menu-item-object-page menu-item-home menu-item-966\"><a href=\"https:\/\/myepal.eu\/fr\/\">Accueil<\/a><\/li>\n<li id=\"menu-item-967\" class=\"menu-item menu-item-type-post_type menu-item-object-page menu-item-967\"><a href=\"https:\/\/myepal.eu\/fr\/projet\/\">Projet<\/a><\/li>\n<li id=\"menu-item-968\" class=\"menu-item menu-item-type-post_type menu-item-object-page menu-item-968\"><a href=\"https:\/\/myepal.eu\/fr\/manuel\/\">Manuel<\/a><\/li>\n<li id=\"menu-item-969\" class=\"menu-item menu-item-type-post_type menu-item-object-page menu-item-969\"><a href=\"https:\/\/myepal.eu\/fr\/activites\/\">Intervention communautaire<\/a><\/li>\n<li id=\"menu-item-970\" class=\"menu-item menu-item-type-custom menu-item-object-custom menu-item-has-children menu-item-970\"><a href=\"#\">Partenaires<\/a>\n<ul class=\"sub-menu\">\n\t<li id=\"menu-item-971\" class=\"menu-item menu-item-type-post_type menu-item-object-page menu-item-971\"><a href=\"https:\/\/myepal.eu\/fr\/connect-your-city-brussels\/\">Connect Your City \u2013 Brussels<\/a><\/li>\n\t<li id=\"menu-item-972\" class=\"menu-item menu-item-type-post_type menu-item-object-page menu-item-972\"><a href=\"https:\/\/myepal.eu\/fr\/blocks-a-ete-fonde-com\/\">Blocks \u2013 a \u00e9t\u00e9 fond\u00e9 com<\/a><\/li>\n<\/ul>\n<\/li>\n<li id=\"menu-item-973\" class=\"menu-item menu-item-type-post_type menu-item-object-page menu-item-973\"><a href=\"https:\/\/myepal.eu\/fr\/contactez-nous\/\">Contactez-nous<\/a><\/li>\n<li id=\"menu-item-974\" class=\"menu-item menu-item-type-post_type menu-item-object-page current_page_parent menu-item-974\"><a href=\"https:\/\/myepal.eu\/fr\/blog\/\">Blog<\/a><\/li>\n<li id=\"menu-item-wpml-ls-8-fr\" class=\"menu-item wpml-ls-slot-8 wpml-ls-item wpml-ls-item-fr wpml-ls-current-language wpml-ls-menu-item wpml-ls-last-item menu-item-type-wpml_ls_menu_item menu-item-object-wpml_ls_menu_item menu-item-has-children menu-item-wpml-ls-8-fr\"><a href=\"https:\/\/myepal.eu\/fr\/\"><img\n            class=\"wpml-ls-flag\"\n            src=\"https:\/\/myepal.eu\/wp-content\/plugins\/sitepress-multilingual-cms\/res\/flags\/fr.png\"\n            alt=\"Fran\u00e7ais\"\n            \n            \n    \/><\/a>\n<ul class=\"sub-menu\">\n\t<li id=\"menu-item-wpml-ls-8-bg\" class=\"menu-item wpml-ls-slot-8 wpml-ls-item wpml-ls-item-bg wpml-ls-menu-item wpml-ls-first-item menu-item-type-wpml_ls_menu_item menu-item-object-wpml_ls_menu_item menu-item-wpml-ls-8-bg\"><a href=\"https:\/\/myepal.eu\/bg\/\"><img\n            class=\"wpml-ls-flag\"\n            src=\"https:\/\/myepal.eu\/wp-content\/plugins\/sitepress-multilingual-cms\/res\/flags\/bg.png\"\n            alt=\"Bulgare\"\n            \n            \n    \/><\/a><\/li>\n\t<li id=\"menu-item-wpml-ls-8-en\" class=\"menu-item wpml-ls-slot-8 wpml-ls-item wpml-ls-item-en wpml-ls-menu-item menu-item-type-wpml_ls_menu_item menu-item-object-wpml_ls_menu_item menu-item-wpml-ls-8-en\"><a href=\"https:\/\/myepal.eu\"><img\n            class=\"wpml-ls-flag\"\n            src=\"https:\/\/myepal.eu\/wp-content\/plugins\/sitepress-multilingual-cms\/res\/flags\/en.png\"\n            alt=\"Anglais\"\n            \n            \n    \/><\/a><\/li>\n<\/ul>\n<\/li>\n<\/ul><\/div>\t\t<\/div>\n\t\t\t\t<\/div>\n\t\t\t\t\t<\/div>\n\t\t<\/div>\n\t\t\t\t<div class=\"elementor-column elementor-col-33 elementor-top-column elementor-element elementor-element-e4a0cd6\" data-id=\"e4a0cd6\" data-element_type=\"column\">\n\t\t\t<div class=\"elementor-widget-wrap elementor-element-populated\">\n\t\t\t\t\t\t\t\t<div class=\"elementor-element elementor-element-d3e484b e-transform elementor-invisible elementor-widget elementor-widget-wp-widget-calendar\" data-id=\"d3e484b\" data-element_type=\"widget\" data-settings=\"{&quot;_animation&quot;:&quot;fadeInUp&quot;,&quot;_transform_scale_effect&quot;:{&quot;unit&quot;:&quot;px&quot;,&quot;size&quot;:0.8,&quot;sizes&quot;:[]},&quot;_transform_scale_effect_tablet&quot;:{&quot;unit&quot;:&quot;px&quot;,&quot;size&quot;:&quot;&quot;,&quot;sizes&quot;:[]},&quot;_transform_scale_effect_mobile&quot;:{&quot;unit&quot;:&quot;px&quot;,&quot;size&quot;:&quot;&quot;,&quot;sizes&quot;:[]}}\" data-widget_type=\"wp-widget-calendar.default\">\n\t\t\t\t<div class=\"elementor-widget-container\">\n\t\t\t<div id=\"calendar_wrap\" class=\"calendar_wrap\"><table id=\"wp-calendar\" class=\"wp-calendar-table\">\n\t<caption>avril 2026<\/caption>\n\t<thead>\n\t<tr>\n\t\t<th scope=\"col\" title=\"lundi\">L<\/th>\n\t\t<th scope=\"col\" title=\"mardi\">M<\/th>\n\t\t<th scope=\"col\" title=\"mercredi\">M<\/th>\n\t\t<th scope=\"col\" title=\"jeudi\">J<\/th>\n\t\t<th scope=\"col\" title=\"vendredi\">V<\/th>\n\t\t<th scope=\"col\" title=\"samedi\">S<\/th>\n\t\t<th scope=\"col\" title=\"dimanche\">D<\/th>\n\t<\/tr>\n\t<\/thead>\n\t<tbody>\n\t<tr>\n\t\t<td colspan=\"2\" class=\"pad\">&nbsp;<\/td><td>1<\/td><td>2<\/td><td>3<\/td><td>4<\/td><td>5<\/td>\n\t<\/tr>\n\t<tr>\n\t\t<td>6<\/td><td>7<\/td><td>8<\/td><td>9<\/td><td>10<\/td><td>11<\/td><td>12<\/td>\n\t<\/tr>\n\t<tr>\n\t\t<td>13<\/td><td>14<\/td><td>15<\/td><td>16<\/td><td>17<\/td><td>18<\/td><td id=\"today\">19<\/td>\n\t<\/tr>\n\t<tr>\n\t\t<td>20<\/td><td>21<\/td><td>22<\/td><td>23<\/td><td>24<\/td><td>25<\/td><td>26<\/td>\n\t<\/tr>\n\t<tr>\n\t\t<td>27<\/td><td>28<\/td><td>29<\/td><td>30<\/td>\n\t\t<td class=\"pad\" colspan=\"3\">&nbsp;<\/td>\n\t<\/tr>\n\t<\/tbody>\n\t<\/table><nav aria-label=\"Mois pr\u00e9c\u00e9dents et suivants\" class=\"wp-calendar-nav\">\n\t\t<span class=\"wp-calendar-nav-prev\"><a href=\"https:\/\/myepal.eu\/fr\/2023\/05\/\">&laquo; Mai<\/a><\/span>\n\t\t<span class=\"pad\">&nbsp;<\/span>\n\t\t<span class=\"wp-calendar-nav-next\">&nbsp;<\/span>\n\t<\/nav><\/div>\t\t<\/div>\n\t\t\t\t<\/div>\n\t\t\t\t\t<\/div>\n\t\t<\/div>\n\t\t\t\t<div class=\"elementor-column elementor-col-33 elementor-top-column elementor-element elementor-element-5b4e80d\" data-id=\"5b4e80d\" data-element_type=\"column\">\n\t\t\t<div class=\"elementor-widget-wrap elementor-element-populated\">\n\t\t\t\t\t\t\t\t<div class=\"elementor-element elementor-element-84ec061 e-transform elementor-invisible elementor-widget elementor-widget-wp-widget-recent-posts\" data-id=\"84ec061\" data-element_type=\"widget\" data-settings=\"{&quot;_animation&quot;:&quot;fadeInRight&quot;,&quot;_transform_translateX_effect&quot;:{&quot;unit&quot;:&quot;px&quot;,&quot;size&quot;:171,&quot;sizes&quot;:[]},&quot;_transform_translateY_effect&quot;:{&quot;unit&quot;:&quot;px&quot;,&quot;size&quot;:37,&quot;sizes&quot;:[]},&quot;_transform_translateX_effect_tablet&quot;:{&quot;unit&quot;:&quot;px&quot;,&quot;size&quot;:&quot;&quot;,&quot;sizes&quot;:[]},&quot;_transform_translateX_effect_mobile&quot;:{&quot;unit&quot;:&quot;px&quot;,&quot;size&quot;:&quot;&quot;,&quot;sizes&quot;:[]},&quot;_transform_translateY_effect_tablet&quot;:{&quot;unit&quot;:&quot;px&quot;,&quot;size&quot;:&quot;&quot;,&quot;sizes&quot;:[]},&quot;_transform_translateY_effect_mobile&quot;:{&quot;unit&quot;:&quot;px&quot;,&quot;size&quot;:&quot;&quot;,&quot;sizes&quot;:[]}}\" data-widget_type=\"wp-widget-recent-posts.default\">\n\t\t\t\t<div class=\"elementor-widget-container\">\n\t\t\t\n\t\t\n\t\t<h5>Articles r\u00e9cents<\/h5>\n\t\t<ul>\n\t\t\t\t\t\t\t\t\t\t\t<li>\n\t\t\t\t\t<a href=\"https:\/\/myepal.eu\/fr\/notre-troisieme-lettre-dinformation\/\">Notre troisi\u00e8me lettre d&rsquo;information !<\/a>\n\t\t\t\t\t\t\t\t\t<\/li>\n\t\t\t\t\t\t\t\t\t\t\t<li>\n\t\t\t\t\t<a href=\"https:\/\/myepal.eu\/fr\/notre-deuxieme-lettre-dinformation\/\">Notre deuxi\u00e8me lettre d&rsquo;information!<\/a>\n\t\t\t\t\t\t\t\t\t<\/li>\n\t\t\t\t\t\t\t\t\t\t\t<li>\n\t\t\t\t\t<a href=\"https:\/\/myepal.eu\/fr\/notre-premiere-lettre-dinformation\/\">Notre premi\u00e8re lettre d&rsquo;information !<\/a>\n\t\t\t\t\t\t\t\t\t<\/li>\n\t\t\t\t\t<\/ul>\n\n\t\t\t\t<\/div>\n\t\t\t\t<\/div>\n\t\t\t\t\t<\/div>\n\t\t<\/div>\n\t\t\t\t\t\t\t<\/div>\n\t\t<\/section>\n\t\t\t\t\t\t\t<\/div>\n\t\t","protected":false},"excerpt":{"rendered":"","protected":false},"author":2,"featured_media":0,"parent":0,"menu_order":0,"comment_status":"closed","ping_status":"closed","template":"","meta":[],"_links":{"self":[{"href":"https:\/\/myepal.eu\/fr\/wp-json\/wp\/v2\/pages\/954"}],"collection":[{"href":"https:\/\/myepal.eu\/fr\/wp-json\/wp\/v2\/pages"}],"about":[{"href":"https:\/\/myepal.eu\/fr\/wp-json\/wp\/v2\/types\/page"}],"author":[{"embeddable":true,"href":"https:\/\/myepal.eu\/fr\/wp-json\/wp\/v2\/users\/2"}],"replies":[{"embeddable":true,"href":"https:\/\/myepal.eu\/fr\/wp-json\/wp\/v2\/comments?post=954"}],"version-history":[{"count":4,"href":"https:\/\/myepal.eu\/fr\/wp-json\/wp\/v2\/pages\/954\/revisions"}],"predecessor-version":[{"id":1008,"href":"https:\/\/myepal.eu\/fr\/wp-json\/wp\/v2\/pages\/954\/revisions\/1008"}],"wp:attachment":[{"href":"https:\/\/myepal.eu\/fr\/wp-json\/wp\/v2\/media?parent=954"}],"curies":[{"name":"wp","href":"https:\/\/api.w.org\/{rel}","templated":true}]}}