{"id":956,"date":"2022-05-31T13:42:47","date_gmt":"2022-05-31T13:42:47","guid":{"rendered":"https:\/\/myepal.eu\/manuel\/"},"modified":"2023-05-24T13:40:03","modified_gmt":"2023-05-24T13:40:03","slug":"manuel","status":"publish","type":"page","link":"https:\/\/myepal.eu\/fr\/manuel\/","title":{"rendered":"Manuel"},"content":{"rendered":"\t\t<div data-elementor-type=\"wp-page\" data-elementor-id=\"956\" class=\"elementor elementor-956 elementor-299\">\n\t\t\t\t\t\t\t\t\t<section class=\"elementor-section elementor-top-section elementor-element elementor-element-6tvy454 elementor-section-height-full elementor-section-boxed elementor-section-height-default elementor-section-items-middle\" data-id=\"6tvy454\" data-element_type=\"section\" data-settings=\"{&quot;background_background&quot;:&quot;classic&quot;}\">\n\t\t\t\t\t\t\t<div class=\"elementor-background-overlay\"><\/div>\n\t\t\t\t\t\t\t<div class=\"elementor-container elementor-column-gap-default\">\n\t\t\t\t\t<div class=\"elementor-column elementor-col-100 elementor-top-column elementor-element elementor-element-sk8ylc5\" data-id=\"sk8ylc5\" data-element_type=\"column\">\n\t\t\t<div class=\"elementor-widget-wrap elementor-element-populated\">\n\t\t\t\t\t\t\t\t<div class=\"elementor-element elementor-element-8mmzn2w no-margin elementor-invisible elementor-widget elementor-widget-heading\" data-id=\"8mmzn2w\" data-element_type=\"widget\" data-settings=\"{&quot;_animation&quot;:&quot;pulse&quot;}\" data-widget_type=\"heading.default\">\n\t\t\t\t<div class=\"elementor-widget-container\">\n\t\t\t<style>\/*! elementor - v3.6.5 - 27-04-2022 *\/\n.elementor-heading-title{padding:0;margin:0;line-height:1}.elementor-widget-heading .elementor-heading-title[class*=elementor-size-]>a{color:inherit;font-size:inherit;line-height:inherit}.elementor-widget-heading .elementor-heading-title.elementor-size-small{font-size:15px}.elementor-widget-heading .elementor-heading-title.elementor-size-medium{font-size:19px}.elementor-widget-heading .elementor-heading-title.elementor-size-large{font-size:29px}.elementor-widget-heading .elementor-heading-title.elementor-size-xl{font-size:39px}.elementor-widget-heading .elementor-heading-title.elementor-size-xxl{font-size:59px}<\/style><h2 class=\"elementor-heading-title elementor-size-default\">LE MANUEL<\/h2>\t\t<\/div>\n\t\t\t\t<\/div>\n\t\t\t\t\t<\/div>\n\t\t<\/div>\n\t\t\t\t\t\t\t<\/div>\n\t\t<\/section>\n\t\t\t\t<section class=\"elementor-section elementor-top-section elementor-element elementor-element-632fbd8 elementor-section-boxed elementor-section-height-default elementor-section-height-default\" data-id=\"632fbd8\" data-element_type=\"section\">\n\t\t\t\t\t\t<div class=\"elementor-container elementor-column-gap-default\">\n\t\t\t\t\t<div class=\"elementor-column elementor-col-100 elementor-top-column elementor-element elementor-element-ddbaf92\" data-id=\"ddbaf92\" data-element_type=\"column\">\n\t\t\t<div class=\"elementor-widget-wrap elementor-element-populated\">\n\t\t\t\t\t\t\t\t<div class=\"elementor-element elementor-element-b443fe5 elementor-widget elementor-widget-text-editor\" data-id=\"b443fe5\" data-element_type=\"widget\" data-widget_type=\"text-editor.default\">\n\t\t\t\t<div class=\"elementor-widget-container\">\n\t\t\t<style>\/*! elementor - v3.6.5 - 27-04-2022 *\/\n.elementor-widget-text-editor.elementor-drop-cap-view-stacked .elementor-drop-cap{background-color:#818a91;color:#fff}.elementor-widget-text-editor.elementor-drop-cap-view-framed .elementor-drop-cap{color:#818a91;border:3px solid;background-color:transparent}.elementor-widget-text-editor:not(.elementor-drop-cap-view-default) .elementor-drop-cap{margin-top:8px}.elementor-widget-text-editor:not(.elementor-drop-cap-view-default) .elementor-drop-cap-letter{width:1em;height:1em}.elementor-widget-text-editor .elementor-drop-cap{float:left;text-align:center;line-height:1;font-size:50px}.elementor-widget-text-editor .elementor-drop-cap-letter{display:inline-block}<\/style>\t\t\t\t<p style=\"text-align: left;\">Le projet E-PAL va \u00e9diter un manuel pour am\u00e9liorer les comp\u00e9tences de technologies d\u2019information, dans une perspective d\u2019\u00e9ducation continue pour confronter l\u2019exclusion digitale dans la soci\u00e9t\u00e9 contemporaine.<\/p><p>\u00a0<\/p><p style=\"text-align: left;\">Cela sera r\u00e9alis\u00e9 par une s\u00e9rie de Modules d\u00e9velopp\u00e9s et dirig\u00e9s \u00e0 de jeunes volontaires. Gr\u00e2ce \u00e0 la formation, le d\u00e9veloppement des comp\u00e9tences n\u00e9cessaires aux jeunes volontaires qui s&rsquo;engagent aupr\u00e8s des personnes \u00e2g\u00e9es sera assur\u00e9, afin de pr\u00e9venir l&rsquo;exclusion de ces derni\u00e8res et de renforcer leur inclusion sociale, gr\u00e2ce aux ressources num\u00e9riques.<\/p><p>\u00a0<\/p><p style=\"text-align: left;\">Les modules sont les suivants :<\/p><ol><li style=\"text-align: left;\"><strong>Introduction :<\/strong> Un aper\u00e7u des exigences d&rsquo;apprentissage sp\u00e9cifiques et des besoins \u00e9ducatifs des adultes \u00e2g\u00e9s.<\/li><li style=\"text-align: left;\"><strong>Communication et information :<\/strong> Comp\u00e9tences num\u00e9riques de base<\/li><li style=\"text-align: left;\"><strong>Sant\u00e9 et bien-\u00eatre :<\/strong> Un cours en ligne sur l&rsquo;autonomisation des personnes \u00e2g\u00e9es.<\/li><\/ol><p style=\"text-align: left;\">Bient\u00f4t disponible ! Restez \u00e0 l&rsquo;\u00e9coute !<\/p><p style=\"text-align: left;\">\u00a0<\/p>\t\t\t\t\t\t<\/div>\n\t\t\t\t<\/div>\n\t\t\t\t<div class=\"elementor-element elementor-element-a080aed elementor-align-center elementor-widget elementor-widget-button\" data-id=\"a080aed\" data-element_type=\"widget\" data-widget_type=\"button.default\">\n\t\t\t\t<div class=\"elementor-widget-container\">\n\t\t\t\t\t<div class=\"elementor-button-wrapper\">\n\t\t\t<a href=\"https:\/\/myepal.eu\/wp-content\/uploads\/2023\/05\/A2_TR3_My-e-Pal-Community-Supporters-Handbook-vFR_final.pdf\" target=\"_blank\" class=\"elementor-button-link elementor-button elementor-size-lg\" role=\"button\">\n\t\t\t\t\t\t<span class=\"elementor-button-content-wrapper\">\n\t\t\t\t\t\t<span class=\"elementor-button-text\">T\u00c9L\u00c9CHARGER LE MANUEL (simple) <\/span>\n\t\t<\/span>\n\t\t\t\t\t<\/a>\n\t\t<\/div>\n\t\t\t\t<\/div>\n\t\t\t\t<\/div>\n\t\t\t\t<div class=\"elementor-element elementor-element-ec6568f elementor-align-center elementor-widget elementor-widget-button\" data-id=\"ec6568f\" data-element_type=\"widget\" data-widget_type=\"button.default\">\n\t\t\t\t<div class=\"elementor-widget-container\">\n\t\t\t\t\t<div class=\"elementor-button-wrapper\">\n\t\t\t<a href=\"https:\/\/myepal.eu\/wp-content\/uploads\/2023\/05\/A2_TR3_My-e-Pal_Community-Supporter_s-Handbook-v.FR-II_18-Activities_Expanded-Version.pdf\" target=\"_blank\" class=\"elementor-button-link elementor-button elementor-size-lg\" role=\"button\">\n\t\t\t\t\t\t<span class=\"elementor-button-content-wrapper\">\n\t\t\t\t\t\t<span class=\"elementor-button-text\">T\u00c9L\u00c9CHARGER LE MANUEL (version compl\u00e8te) <\/span>\n\t\t<\/span>\n\t\t\t\t\t<\/a>\n\t\t<\/div>\n\t\t\t\t<\/div>\n\t\t\t\t<\/div>\n\t\t\t\t\t<\/div>\n\t\t<\/div>\n\t\t\t\t\t\t\t<\/div>\n\t\t<\/section>\n\t\t\t\t<section class=\"elementor-section elementor-top-section elementor-element elementor-element-a706b96 elementor-section-boxed elementor-section-height-default elementor-section-height-default\" data-id=\"a706b96\" data-element_type=\"section\" data-settings=\"{&quot;background_background&quot;:&quot;classic&quot;}\">\n\t\t\t\t\t\t<div class=\"elementor-container elementor-column-gap-default\">\n\t\t\t\t\t<div class=\"elementor-column elementor-col-33 elementor-top-column elementor-element elementor-element-3b7eb1c\" data-id=\"3b7eb1c\" data-element_type=\"column\">\n\t\t\t<div class=\"elementor-widget-wrap elementor-element-populated\">\n\t\t\t\t\t\t\t\t<div class=\"elementor-element elementor-element-89c8342 e-transform elementor-invisible elementor-widget elementor-widget-wp-widget-nav_menu\" data-id=\"89c8342\" data-element_type=\"widget\" data-settings=\"{&quot;_animation&quot;:&quot;fadeInLeft&quot;,&quot;_transform_translateX_effect&quot;:{&quot;unit&quot;:&quot;px&quot;,&quot;size&quot;:-61,&quot;sizes&quot;:[]},&quot;_transform_translateY_effect&quot;:{&quot;unit&quot;:&quot;px&quot;,&quot;size&quot;:37,&quot;sizes&quot;:[]},&quot;_transform_translateX_effect_tablet&quot;:{&quot;unit&quot;:&quot;px&quot;,&quot;size&quot;:&quot;&quot;,&quot;sizes&quot;:[]},&quot;_transform_translateX_effect_mobile&quot;:{&quot;unit&quot;:&quot;px&quot;,&quot;size&quot;:&quot;&quot;,&quot;sizes&quot;:[]},&quot;_transform_translateY_effect_tablet&quot;:{&quot;unit&quot;:&quot;px&quot;,&quot;size&quot;:&quot;&quot;,&quot;sizes&quot;:[]},&quot;_transform_translateY_effect_mobile&quot;:{&quot;unit&quot;:&quot;px&quot;,&quot;size&quot;:&quot;&quot;,&quot;sizes&quot;:[]}}\" data-widget_type=\"wp-widget-nav_menu.default\">\n\t\t\t\t<div class=\"elementor-widget-container\">\n\t\t\t<h5>Website navigation<\/h5><div class=\"menu-main-menu-fr-container\"><ul id=\"menu-main-menu-fr\" class=\"menu\"><li id=\"menu-item-966\" class=\"menu-item menu-item-type-post_type menu-item-object-page menu-item-home menu-item-966\"><a href=\"https:\/\/myepal.eu\/fr\/\">Accueil<\/a><\/li>\n<li id=\"menu-item-967\" class=\"menu-item menu-item-type-post_type menu-item-object-page menu-item-967\"><a href=\"https:\/\/myepal.eu\/fr\/projet\/\">Projet<\/a><\/li>\n<li id=\"menu-item-968\" class=\"menu-item menu-item-type-post_type menu-item-object-page menu-item-968\"><a href=\"https:\/\/myepal.eu\/fr\/manuel\/\">Manuel<\/a><\/li>\n<li id=\"menu-item-969\" class=\"menu-item menu-item-type-post_type menu-item-object-page menu-item-969\"><a href=\"https:\/\/myepal.eu\/fr\/activites\/\">Intervention communautaire<\/a><\/li>\n<li id=\"menu-item-970\" class=\"menu-item menu-item-type-custom menu-item-object-custom menu-item-has-children menu-item-970\"><a href=\"#\">Partenaires<\/a>\n<ul class=\"sub-menu\">\n\t<li id=\"menu-item-971\" class=\"menu-item menu-item-type-post_type menu-item-object-page menu-item-971\"><a href=\"https:\/\/myepal.eu\/fr\/connect-your-city-brussels\/\">Connect Your City \u2013 Brussels<\/a><\/li>\n\t<li id=\"menu-item-972\" class=\"menu-item menu-item-type-post_type menu-item-object-page menu-item-972\"><a href=\"https:\/\/myepal.eu\/fr\/blocks-a-ete-fonde-com\/\">Blocks \u2013 a \u00e9t\u00e9 fond\u00e9 com<\/a><\/li>\n<\/ul>\n<\/li>\n<li id=\"menu-item-973\" class=\"menu-item menu-item-type-post_type menu-item-object-page menu-item-973\"><a href=\"https:\/\/myepal.eu\/fr\/contactez-nous\/\">Contactez-nous<\/a><\/li>\n<li id=\"menu-item-974\" class=\"menu-item menu-item-type-post_type menu-item-object-page current_page_parent menu-item-974\"><a href=\"https:\/\/myepal.eu\/fr\/blog\/\">Blog<\/a><\/li>\n<li id=\"menu-item-wpml-ls-8-fr\" class=\"menu-item wpml-ls-slot-8 wpml-ls-item wpml-ls-item-fr wpml-ls-current-language wpml-ls-menu-item wpml-ls-last-item menu-item-type-wpml_ls_menu_item menu-item-object-wpml_ls_menu_item menu-item-has-children menu-item-wpml-ls-8-fr\"><a href=\"https:\/\/myepal.eu\/fr\/\"><img\n            class=\"wpml-ls-flag\"\n            src=\"https:\/\/myepal.eu\/wp-content\/plugins\/sitepress-multilingual-cms\/res\/flags\/fr.png\"\n            alt=\"Fran\u00e7ais\"\n            \n            \n    \/><\/a>\n<ul class=\"sub-menu\">\n\t<li id=\"menu-item-wpml-ls-8-bg\" class=\"menu-item wpml-ls-slot-8 wpml-ls-item wpml-ls-item-bg wpml-ls-menu-item wpml-ls-first-item menu-item-type-wpml_ls_menu_item menu-item-object-wpml_ls_menu_item menu-item-wpml-ls-8-bg\"><a href=\"https:\/\/myepal.eu\/bg\/\"><img\n            class=\"wpml-ls-flag\"\n            src=\"https:\/\/myepal.eu\/wp-content\/plugins\/sitepress-multilingual-cms\/res\/flags\/bg.png\"\n            alt=\"Bulgare\"\n            \n            \n    \/><\/a><\/li>\n\t<li id=\"menu-item-wpml-ls-8-en\" class=\"menu-item wpml-ls-slot-8 wpml-ls-item wpml-ls-item-en wpml-ls-menu-item menu-item-type-wpml_ls_menu_item menu-item-object-wpml_ls_menu_item menu-item-wpml-ls-8-en\"><a href=\"https:\/\/myepal.eu\"><img\n            class=\"wpml-ls-flag\"\n            src=\"https:\/\/myepal.eu\/wp-content\/plugins\/sitepress-multilingual-cms\/res\/flags\/en.png\"\n            alt=\"Anglais\"\n            \n            \n    \/><\/a><\/li>\n<\/ul>\n<\/li>\n<\/ul><\/div>\t\t<\/div>\n\t\t\t\t<\/div>\n\t\t\t\t\t<\/div>\n\t\t<\/div>\n\t\t\t\t<div class=\"elementor-column elementor-col-33 elementor-top-column elementor-element elementor-element-0235df6\" data-id=\"0235df6\" data-element_type=\"column\">\n\t\t\t<div class=\"elementor-widget-wrap elementor-element-populated\">\n\t\t\t\t\t\t\t\t<div class=\"elementor-element elementor-element-02f5c91 e-transform elementor-invisible elementor-widget elementor-widget-wp-widget-calendar\" data-id=\"02f5c91\" data-element_type=\"widget\" data-settings=\"{&quot;_animation&quot;:&quot;fadeInUp&quot;,&quot;_transform_scale_effect&quot;:{&quot;unit&quot;:&quot;px&quot;,&quot;size&quot;:0.8,&quot;sizes&quot;:[]},&quot;_transform_scale_effect_tablet&quot;:{&quot;unit&quot;:&quot;px&quot;,&quot;size&quot;:&quot;&quot;,&quot;sizes&quot;:[]},&quot;_transform_scale_effect_mobile&quot;:{&quot;unit&quot;:&quot;px&quot;,&quot;size&quot;:&quot;&quot;,&quot;sizes&quot;:[]}}\" data-widget_type=\"wp-widget-calendar.default\">\n\t\t\t\t<div class=\"elementor-widget-container\">\n\t\t\t<div id=\"calendar_wrap\" class=\"calendar_wrap\"><table id=\"wp-calendar\" class=\"wp-calendar-table\">\n\t<caption>avril 2026<\/caption>\n\t<thead>\n\t<tr>\n\t\t<th scope=\"col\" title=\"lundi\">L<\/th>\n\t\t<th scope=\"col\" title=\"mardi\">M<\/th>\n\t\t<th scope=\"col\" title=\"mercredi\">M<\/th>\n\t\t<th scope=\"col\" title=\"jeudi\">J<\/th>\n\t\t<th scope=\"col\" title=\"vendredi\">V<\/th>\n\t\t<th scope=\"col\" title=\"samedi\">S<\/th>\n\t\t<th scope=\"col\" title=\"dimanche\">D<\/th>\n\t<\/tr>\n\t<\/thead>\n\t<tbody>\n\t<tr>\n\t\t<td colspan=\"2\" class=\"pad\">&nbsp;<\/td><td>1<\/td><td>2<\/td><td>3<\/td><td>4<\/td><td>5<\/td>\n\t<\/tr>\n\t<tr>\n\t\t<td>6<\/td><td>7<\/td><td>8<\/td><td>9<\/td><td>10<\/td><td>11<\/td><td>12<\/td>\n\t<\/tr>\n\t<tr>\n\t\t<td>13<\/td><td>14<\/td><td>15<\/td><td>16<\/td><td>17<\/td><td>18<\/td><td id=\"today\">19<\/td>\n\t<\/tr>\n\t<tr>\n\t\t<td>20<\/td><td>21<\/td><td>22<\/td><td>23<\/td><td>24<\/td><td>25<\/td><td>26<\/td>\n\t<\/tr>\n\t<tr>\n\t\t<td>27<\/td><td>28<\/td><td>29<\/td><td>30<\/td>\n\t\t<td class=\"pad\" colspan=\"3\">&nbsp;<\/td>\n\t<\/tr>\n\t<\/tbody>\n\t<\/table><nav aria-label=\"Mois pr\u00e9c\u00e9dents et suivants\" class=\"wp-calendar-nav\">\n\t\t<span class=\"wp-calendar-nav-prev\"><a href=\"https:\/\/myepal.eu\/fr\/2023\/05\/\">&laquo; Mai<\/a><\/span>\n\t\t<span class=\"pad\">&nbsp;<\/span>\n\t\t<span class=\"wp-calendar-nav-next\">&nbsp;<\/span>\n\t<\/nav><\/div>\t\t<\/div>\n\t\t\t\t<\/div>\n\t\t\t\t\t<\/div>\n\t\t<\/div>\n\t\t\t\t<div class=\"elementor-column elementor-col-33 elementor-top-column elementor-element elementor-element-c70c4f8\" data-id=\"c70c4f8\" data-element_type=\"column\">\n\t\t\t<div class=\"elementor-widget-wrap elementor-element-populated\">\n\t\t\t\t\t\t\t\t<div class=\"elementor-element elementor-element-1f7e07b e-transform elementor-invisible elementor-widget elementor-widget-wp-widget-recent-posts\" data-id=\"1f7e07b\" data-element_type=\"widget\" data-settings=\"{&quot;_animation&quot;:&quot;fadeInRight&quot;,&quot;_transform_translateX_effect&quot;:{&quot;unit&quot;:&quot;px&quot;,&quot;size&quot;:171,&quot;sizes&quot;:[]},&quot;_transform_translateY_effect&quot;:{&quot;unit&quot;:&quot;px&quot;,&quot;size&quot;:37,&quot;sizes&quot;:[]},&quot;_transform_translateX_effect_tablet&quot;:{&quot;unit&quot;:&quot;px&quot;,&quot;size&quot;:&quot;&quot;,&quot;sizes&quot;:[]},&quot;_transform_translateX_effect_mobile&quot;:{&quot;unit&quot;:&quot;px&quot;,&quot;size&quot;:&quot;&quot;,&quot;sizes&quot;:[]},&quot;_transform_translateY_effect_tablet&quot;:{&quot;unit&quot;:&quot;px&quot;,&quot;size&quot;:&quot;&quot;,&quot;sizes&quot;:[]},&quot;_transform_translateY_effect_mobile&quot;:{&quot;unit&quot;:&quot;px&quot;,&quot;size&quot;:&quot;&quot;,&quot;sizes&quot;:[]}}\" data-widget_type=\"wp-widget-recent-posts.default\">\n\t\t\t\t<div class=\"elementor-widget-container\">\n\t\t\t\n\t\t\n\t\t<h5>Articles r\u00e9cents<\/h5>\n\t\t<ul>\n\t\t\t\t\t\t\t\t\t\t\t<li>\n\t\t\t\t\t<a href=\"https:\/\/myepal.eu\/fr\/notre-troisieme-lettre-dinformation\/\">Notre troisi\u00e8me lettre d&rsquo;information !<\/a>\n\t\t\t\t\t\t\t\t\t<\/li>\n\t\t\t\t\t\t\t\t\t\t\t<li>\n\t\t\t\t\t<a href=\"https:\/\/myepal.eu\/fr\/notre-deuxieme-lettre-dinformation\/\">Notre deuxi\u00e8me lettre d&rsquo;information!<\/a>\n\t\t\t\t\t\t\t\t\t<\/li>\n\t\t\t\t\t\t\t\t\t\t\t<li>\n\t\t\t\t\t<a href=\"https:\/\/myepal.eu\/fr\/notre-premiere-lettre-dinformation\/\">Notre premi\u00e8re lettre d&rsquo;information !<\/a>\n\t\t\t\t\t\t\t\t\t<\/li>\n\t\t\t\t\t<\/ul>\n\n\t\t\t\t<\/div>\n\t\t\t\t<\/div>\n\t\t\t\t\t<\/div>\n\t\t<\/div>\n\t\t\t\t\t\t\t<\/div>\n\t\t<\/section>\n\t\t\t\t\t\t\t<\/div>\n\t\t","protected":false},"excerpt":{"rendered":"<p>LE MANUEL Le projet E-PAL va \u00e9diter un manuel pour am\u00e9liorer les comp\u00e9tences de technologies d\u2019information, dans une perspective d\u2019\u00e9ducation continue pour confronter l\u2019exclusion digitale dans la soci\u00e9t\u00e9 contemporaine. \u00a0 Cela sera r\u00e9alis\u00e9 par une s\u00e9rie de Modules d\u00e9velopp\u00e9s et dirig\u00e9s \u00e0 de jeunes volontaires. Gr\u00e2ce \u00e0 la formation, le d\u00e9veloppement des comp\u00e9tences n\u00e9cessaires aux [&hellip;]<\/p>\n","protected":false},"author":2,"featured_media":0,"parent":0,"menu_order":0,"comment_status":"closed","ping_status":"closed","template":"","meta":[],"_links":{"self":[{"href":"https:\/\/myepal.eu\/fr\/wp-json\/wp\/v2\/pages\/956"}],"collection":[{"href":"https:\/\/myepal.eu\/fr\/wp-json\/wp\/v2\/pages"}],"about":[{"href":"https:\/\/myepal.eu\/fr\/wp-json\/wp\/v2\/types\/page"}],"author":[{"embeddable":true,"href":"https:\/\/myepal.eu\/fr\/wp-json\/wp\/v2\/users\/2"}],"replies":[{"embeddable":true,"href":"https:\/\/myepal.eu\/fr\/wp-json\/wp\/v2\/comments?post=956"}],"version-history":[{"count":10,"href":"https:\/\/myepal.eu\/fr\/wp-json\/wp\/v2\/pages\/956\/revisions"}],"predecessor-version":[{"id":1188,"href":"https:\/\/myepal.eu\/fr\/wp-json\/wp\/v2\/pages\/956\/revisions\/1188"}],"wp:attachment":[{"href":"https:\/\/myepal.eu\/fr\/wp-json\/wp\/v2\/media?parent=956"}],"curies":[{"name":"wp","href":"https:\/\/api.w.org\/{rel}","templated":true}]}}