{"id":964,"date":"2016-11-23T00:34:53","date_gmt":"2016-11-23T00:34:53","guid":{"rendered":"https:\/\/myepal.eu\/accueil\/"},"modified":"2022-08-29T10:04:54","modified_gmt":"2022-08-29T10:04:54","slug":"accueil","status":"publish","type":"page","link":"https:\/\/myepal.eu\/fr\/","title":{"rendered":"Accueil"},"content":{"rendered":"\t\t<div data-elementor-type=\"wp-page\" data-elementor-id=\"964\" class=\"elementor elementor-964 elementor-266\">\n\t\t\t\t\t\t\t\t\t<section class=\"elementor-section elementor-top-section elementor-element elementor-element-6tvy454 elementor-section-height-full elementor-section-content-space-around elementor-section-boxed elementor-section-height-default elementor-section-items-middle\" data-id=\"6tvy454\" data-element_type=\"section\" data-settings=\"{&quot;background_background&quot;:&quot;classic&quot;}\">\n\t\t\t\t\t\t\t<div class=\"elementor-background-overlay\"><\/div>\n\t\t\t\t\t\t\t<div class=\"elementor-container elementor-column-gap-default\">\n\t\t\t\t\t<div class=\"elementor-column elementor-col-100 elementor-top-column elementor-element elementor-element-sk8ylc5\" data-id=\"sk8ylc5\" data-element_type=\"column\" data-settings=\"{&quot;animation&quot;:&quot;none&quot;}\">\n\t\t\t<div class=\"elementor-widget-wrap elementor-element-populated\">\n\t\t\t\t\t\t\t\t<div class=\"elementor-element elementor-element-c267259 elementor-invisible elementor-widget elementor-widget-image\" data-id=\"c267259\" data-element_type=\"widget\" data-settings=\"{&quot;_animation&quot;:&quot;pulse&quot;}\" data-widget_type=\"image.default\">\n\t\t\t\t<div class=\"elementor-widget-container\">\n\t\t\t<style>\/*! elementor - v3.6.5 - 27-04-2022 *\/\n.elementor-widget-image{text-align:center}.elementor-widget-image a{display:inline-block}.elementor-widget-image a img[src$=\".svg\"]{width:48px}.elementor-widget-image img{vertical-align:middle;display:inline-block}<\/style>\t\t\t\t\t\t\t\t\t\t\t\t<img width=\"768\" height=\"308\" src=\"https:\/\/myepal.eu\/wp-content\/uploads\/2022\/06\/e-Pal_LOGOS-06-768x308.png\" class=\"attachment-medium_large size-medium_large\" alt=\"\" loading=\"lazy\" srcset=\"https:\/\/myepal.eu\/wp-content\/uploads\/2022\/06\/e-Pal_LOGOS-06-768x308.png 768w, https:\/\/myepal.eu\/wp-content\/uploads\/2022\/06\/e-Pal_LOGOS-06-300x120.png 300w, https:\/\/myepal.eu\/wp-content\/uploads\/2022\/06\/e-Pal_LOGOS-06-1024x410.png 1024w, https:\/\/myepal.eu\/wp-content\/uploads\/2022\/06\/e-Pal_LOGOS-06.png 1043w\" sizes=\"(max-width: 768px) 100vw, 768px\" \/>\t\t\t\t\t\t\t\t\t\t\t\t\t\t\t<\/div>\n\t\t\t\t<\/div>\n\t\t\t\t<div class=\"elementor-element elementor-element-695efe3 elementor-invisible elementor-widget elementor-widget-heading\" data-id=\"695efe3\" data-element_type=\"widget\" data-settings=\"{&quot;_animation&quot;:&quot;fadeIn&quot;}\" data-widget_type=\"heading.default\">\n\t\t\t\t<div class=\"elementor-widget-container\">\n\t\t\t<style>\/*! elementor - v3.6.5 - 27-04-2022 *\/\n.elementor-heading-title{padding:0;margin:0;line-height:1}.elementor-widget-heading .elementor-heading-title[class*=elementor-size-]>a{color:inherit;font-size:inherit;line-height:inherit}.elementor-widget-heading .elementor-heading-title.elementor-size-small{font-size:15px}.elementor-widget-heading .elementor-heading-title.elementor-size-medium{font-size:19px}.elementor-widget-heading .elementor-heading-title.elementor-size-large{font-size:29px}.elementor-widget-heading .elementor-heading-title.elementor-size-xl{font-size:39px}.elementor-widget-heading .elementor-heading-title.elementor-size-xxl{font-size:59px}<\/style><h2 class=\"elementor-heading-title elementor-size-default\">Encourager le b\u00e9n\u00e9volat num\u00e9rique chez les personnes \u00e2g\u00e9es<\/h2>\t\t<\/div>\n\t\t\t\t<\/div>\n\t\t\t\t<div class=\"elementor-element elementor-element-3cxzxx1 elementor-align-center elementor-invisible elementor-widget elementor-widget-button\" data-id=\"3cxzxx1\" data-element_type=\"widget\" data-settings=\"{&quot;_animation&quot;:&quot;fadeInUp&quot;}\" data-widget_type=\"button.default\">\n\t\t\t\t<div class=\"elementor-widget-container\">\n\t\t\t\t\t<div class=\"elementor-button-wrapper\">\n\t\t\t<a href=\"https:\/\/myepal.eu\/fr\/projet\/\" class=\"elementor-button-link elementor-button elementor-size-sm elementor-animation-grow\" role=\"button\">\n\t\t\t\t\t\t<span class=\"elementor-button-content-wrapper\">\n\t\t\t\t\t\t<span class=\"elementor-button-text\">LE PROJET<\/span>\n\t\t<\/span>\n\t\t\t\t\t<\/a>\n\t\t<\/div>\n\t\t\t\t<\/div>\n\t\t\t\t<\/div>\n\t\t\t\t\t<\/div>\n\t\t<\/div>\n\t\t\t\t\t\t\t<\/div>\n\t\t<\/section>\n\t\t\t\t<section class=\"elementor-section elementor-top-section elementor-element elementor-element-308254c elementor-section-boxed elementor-section-height-default elementor-section-height-default\" data-id=\"308254c\" data-element_type=\"section\">\n\t\t\t\t\t\t<div class=\"elementor-container elementor-column-gap-default\">\n\t\t\t\t\t<div class=\"elementor-column elementor-col-100 elementor-top-column elementor-element elementor-element-28b54f6 elementor-invisible\" data-id=\"28b54f6\" data-element_type=\"column\" data-settings=\"{&quot;animation&quot;:&quot;pulse&quot;}\">\n\t\t\t<div class=\"elementor-widget-wrap elementor-element-populated\">\n\t\t\t\t\t\t\t\t<div class=\"elementor-element elementor-element-e735fff elementor-widget elementor-widget-heading\" data-id=\"e735fff\" data-element_type=\"widget\" data-widget_type=\"heading.default\">\n\t\t\t\t<div class=\"elementor-widget-container\">\n\t\t\t<h2 class=\"elementor-heading-title elementor-size-default\">A PROPOS DE MON E-PAL<\/h2>\t\t<\/div>\n\t\t\t\t<\/div>\n\t\t\t\t<div class=\"elementor-element elementor-element-d453ee0 elementor-widget elementor-widget-image\" data-id=\"d453ee0\" data-element_type=\"widget\" data-widget_type=\"image.default\">\n\t\t\t\t<div class=\"elementor-widget-container\">\n\t\t\t\t\t\t\t\t\t\t\t\t\t\t\t<img width=\"800\" height=\"315\" src=\"https:\/\/myepal.eu\/wp-content\/uploads\/2022\/05\/Untitled-design-1.png\" class=\"elementor-animation-grow attachment-full size-full\" alt=\"\" loading=\"lazy\" srcset=\"https:\/\/myepal.eu\/wp-content\/uploads\/2022\/05\/Untitled-design-1.png 800w, https:\/\/myepal.eu\/wp-content\/uploads\/2022\/05\/Untitled-design-1-300x118.png 300w, https:\/\/myepal.eu\/wp-content\/uploads\/2022\/05\/Untitled-design-1-768x302.png 768w\" sizes=\"(max-width: 800px) 100vw, 800px\" \/>\t\t\t\t\t\t\t\t\t\t\t\t\t\t\t<\/div>\n\t\t\t\t<\/div>\n\t\t\t\t<div class=\"elementor-element elementor-element-5e5b6cd elementor-widget elementor-widget-heading\" data-id=\"5e5b6cd\" data-element_type=\"widget\" data-widget_type=\"heading.default\">\n\t\t\t\t<div class=\"elementor-widget-container\">\n\t\t\t<p class=\"elementor-heading-title elementor-size-default\">Le but du projet my E-PAL est de renforcer les comp\u00e9tences digitales des adultes s\u00e9niors, \u00e0 travers la provision d\u2019outils digitaux innovants et d\u2019interventions comme le volontariat digital, incluant des connaissances, comp\u00e9tences et des ressources. Ces derni\u00e8res prennent la forme d\u2019\u00e9ducation continue, d\u2019apprentissage exp\u00e9rimental, d\u2019application des outils digitaux et de techniques de bien- \u00eatre. En d\u2019autres termes, ce projet a pour but d\u2019am\u00e9liorer les vies des personnes \u00e2g\u00e9es en assistant ceux qui utilisent de nouvelles techniques via un programme \u00e9ducatif holistique sp\u00e9cifique, bas\u00e9s sur leurs besoins et leurs n\u00e9cessit\u00e9s d\u2019apprentissage.<\/p>\t\t<\/div>\n\t\t\t\t<\/div>\n\t\t\t\t\t<\/div>\n\t\t<\/div>\n\t\t\t\t\t\t\t<\/div>\n\t\t<\/section>\n\t\t\t\t<section class=\"elementor-section elementor-top-section elementor-element elementor-element-a135adf elementor-section-content-middle elementor-section-boxed elementor-section-height-default elementor-section-height-default\" data-id=\"a135adf\" data-element_type=\"section\" data-settings=\"{&quot;background_background&quot;:&quot;classic&quot;}\">\n\t\t\t\t\t\t<div class=\"elementor-container elementor-column-gap-default\">\n\t\t\t\t\t<div class=\"elementor-column elementor-col-50 elementor-top-column elementor-element elementor-element-85f7323\" data-id=\"85f7323\" data-element_type=\"column\">\n\t\t\t<div class=\"elementor-widget-wrap elementor-element-populated\">\n\t\t\t\t\t\t\t\t<div class=\"elementor-element elementor-element-a18e8b4 elementor-invisible elementor-widget elementor-widget-image\" data-id=\"a18e8b4\" data-element_type=\"widget\" data-settings=\"{&quot;_animation&quot;:&quot;fadeInLeft&quot;}\" data-widget_type=\"image.default\">\n\t\t\t\t<div class=\"elementor-widget-container\">\n\t\t\t\t\t\t\t\t\t\t\t\t\t\t\t\t<a href=\"https:\/\/myepal.eu\/fr\/manuel\/\">\n\t\t\t\t\t\t\t<img width=\"490\" height=\"490\" src=\"https:\/\/myepal.eu\/wp-content\/uploads\/2022\/05\/Untitled-design-2.png\" class=\"elementor-animation-grow attachment-large size-large\" alt=\"\" loading=\"lazy\" srcset=\"https:\/\/myepal.eu\/wp-content\/uploads\/2022\/05\/Untitled-design-2.png 490w, https:\/\/myepal.eu\/wp-content\/uploads\/2022\/05\/Untitled-design-2-300x300.png 300w, https:\/\/myepal.eu\/wp-content\/uploads\/2022\/05\/Untitled-design-2-150x150.png 150w\" sizes=\"(max-width: 490px) 100vw, 490px\" \/>\t\t\t\t\t\t\t\t<\/a>\n\t\t\t\t\t\t\t\t\t\t\t\t\t\t\t<\/div>\n\t\t\t\t<\/div>\n\t\t\t\t\t<\/div>\n\t\t<\/div>\n\t\t\t\t<div class=\"elementor-column elementor-col-50 elementor-top-column elementor-element elementor-element-80ee714 elementor-invisible\" data-id=\"80ee714\" data-element_type=\"column\" data-settings=\"{&quot;animation&quot;:&quot;fadeInRight&quot;}\">\n\t\t\t<div class=\"elementor-widget-wrap elementor-element-populated\">\n\t\t\t\t\t\t\t\t<div class=\"elementor-element elementor-element-85383ae elementor-widget elementor-widget-heading\" data-id=\"85383ae\" data-element_type=\"widget\" data-widget_type=\"heading.default\">\n\t\t\t\t<div class=\"elementor-widget-container\">\n\t\t\t<h2 class=\"elementor-heading-title elementor-size-default\">Le Manuel<\/h2>\t\t<\/div>\n\t\t\t\t<\/div>\n\t\t\t\t<div class=\"elementor-element elementor-element-7a4186c elementor-widget elementor-widget-heading\" data-id=\"7a4186c\" data-element_type=\"widget\" data-widget_type=\"heading.default\">\n\t\t\t\t<div class=\"elementor-widget-container\">\n\t\t\t<p class=\"elementor-heading-title elementor-size-default\">Le projet E-PAL va \u00e9diter un manuel pour am\u00e9liorer les comp\u00e9tences de technologies d\u2019information, dans une perspective d\u2019\u00e9ducation continue pour confronter l\u2019exclusion digitale dans la soci\u00e9t\u00e9 contemporaine.<\/p>\t\t<\/div>\n\t\t\t\t<\/div>\n\t\t\t\t<div class=\"elementor-element elementor-element-8034383 elementor-widget elementor-widget-heading\" data-id=\"8034383\" data-element_type=\"widget\" data-widget_type=\"heading.default\">\n\t\t\t\t<div class=\"elementor-widget-container\">\n\t\t\t<p class=\"elementor-heading-title elementor-size-default\">Cela sera r\u00e9alis\u00e9 par une s\u00e9rie de Modules d\u00e9velopp\u00e9s et dirig\u00e9s \u00e0 de jeunes volontaires.<\/p>\t\t<\/div>\n\t\t\t\t<\/div>\n\t\t\t\t<div class=\"elementor-element elementor-element-27bab8c elementor-widget elementor-widget-button\" data-id=\"27bab8c\" data-element_type=\"widget\" data-widget_type=\"button.default\">\n\t\t\t\t<div class=\"elementor-widget-container\">\n\t\t\t\t\t<div class=\"elementor-button-wrapper\">\n\t\t\t<a href=\"https:\/\/myepal.eu\/fr\/manuel\/\" class=\"elementor-button-link elementor-button elementor-size-sm elementor-animation-grow\" role=\"button\">\n\t\t\t\t\t\t<span class=\"elementor-button-content-wrapper\">\n\t\t\t\t\t\t<span class=\"elementor-button-text\">Plus d'informations sur \"LE MANUEL\".<\/span>\n\t\t<\/span>\n\t\t\t\t\t<\/a>\n\t\t<\/div>\n\t\t\t\t<\/div>\n\t\t\t\t<\/div>\n\t\t\t\t\t<\/div>\n\t\t<\/div>\n\t\t\t\t\t\t\t<\/div>\n\t\t<\/section>\n\t\t\t\t<section class=\"elementor-section elementor-top-section elementor-element elementor-element-plhq52n elementor-section-boxed elementor-section-height-default elementor-section-height-default\" data-id=\"plhq52n\" data-element_type=\"section\">\n\t\t\t\t\t\t<div class=\"elementor-container elementor-column-gap-default\">\n\t\t\t\t\t<div class=\"elementor-column elementor-col-100 elementor-top-column elementor-element elementor-element-1xz8pfq\" data-id=\"1xz8pfq\" data-element_type=\"column\">\n\t\t\t<div class=\"elementor-widget-wrap elementor-element-populated\">\n\t\t\t\t\t\t\t\t<div class=\"elementor-element elementor-element-76cead8 elementor-widget elementor-widget-heading\" data-id=\"76cead8\" data-element_type=\"widget\" data-widget_type=\"heading.default\">\n\t\t\t\t<div class=\"elementor-widget-container\">\n\t\t\t<h2 class=\"elementor-heading-title elementor-size-default\">PARTENAIRES<\/h2>\t\t<\/div>\n\t\t\t\t<\/div>\n\t\t\t\t<section class=\"elementor-section elementor-inner-section elementor-element elementor-element-88df4bc elementor-section-boxed elementor-section-height-default elementor-section-height-default\" data-id=\"88df4bc\" data-element_type=\"section\">\n\t\t\t\t\t\t<div class=\"elementor-container elementor-column-gap-default\">\n\t\t\t\t\t<div class=\"elementor-column elementor-col-50 elementor-inner-column elementor-element elementor-element-b89ad78\" data-id=\"b89ad78\" data-element_type=\"column\">\n\t\t\t<div class=\"elementor-widget-wrap elementor-element-populated\">\n\t\t\t\t\t\t\t\t<div class=\"elementor-element elementor-element-e23098c elementor-invisible elementor-widget elementor-widget-image\" data-id=\"e23098c\" data-element_type=\"widget\" data-settings=\"{&quot;_animation&quot;:&quot;fadeInLeft&quot;}\" data-widget_type=\"image.default\">\n\t\t\t\t<div class=\"elementor-widget-container\">\n\t\t\t\t\t\t\t\t\t\t\t\t\t\t\t\t<a href=\"https:\/\/myepal.eu\/fr\/connect-your-city-brussels\/\" target=\"_blank\">\n\t\t\t\t\t\t\t<img width=\"300\" height=\"300\" src=\"https:\/\/myepal.eu\/wp-content\/uploads\/2022\/05\/ffa726-4-300x300.png\" class=\"elementor-animation-grow attachment-medium size-medium\" alt=\"\" loading=\"lazy\" srcset=\"https:\/\/myepal.eu\/wp-content\/uploads\/2022\/05\/ffa726-4-300x300.png 300w, https:\/\/myepal.eu\/wp-content\/uploads\/2022\/05\/ffa726-4-1024x1024.png 1024w, https:\/\/myepal.eu\/wp-content\/uploads\/2022\/05\/ffa726-4-150x150.png 150w, https:\/\/myepal.eu\/wp-content\/uploads\/2022\/05\/ffa726-4-768x768.png 768w, https:\/\/myepal.eu\/wp-content\/uploads\/2022\/05\/ffa726-4-600x600.png 600w, https:\/\/myepal.eu\/wp-content\/uploads\/2022\/05\/ffa726-4.png 1080w\" sizes=\"(max-width: 300px) 100vw, 300px\" \/>\t\t\t\t\t\t\t\t<\/a>\n\t\t\t\t\t\t\t\t\t\t\t\t\t\t\t<\/div>\n\t\t\t\t<\/div>\n\t\t\t\t\t<\/div>\n\t\t<\/div>\n\t\t\t\t<div class=\"elementor-column elementor-col-50 elementor-inner-column elementor-element elementor-element-95c5454\" data-id=\"95c5454\" data-element_type=\"column\">\n\t\t\t<div class=\"elementor-widget-wrap elementor-element-populated\">\n\t\t\t\t\t\t\t\t<div class=\"elementor-element elementor-element-386131d elementor-invisible elementor-widget elementor-widget-image\" data-id=\"386131d\" data-element_type=\"widget\" data-settings=\"{&quot;_animation&quot;:&quot;fadeInRight&quot;}\" data-widget_type=\"image.default\">\n\t\t\t\t<div class=\"elementor-widget-container\">\n\t\t\t\t\t\t\t\t\t\t\t\t\t\t\t\t<a href=\"https:\/\/myepal.eu\/fr\/blocks-a-ete-fonde-com\/\" target=\"_blank\">\n\t\t\t\t\t\t\t<img width=\"300\" height=\"300\" src=\"https:\/\/myepal.eu\/wp-content\/uploads\/2022\/05\/ffa726-3-300x300.png\" class=\"elementor-animation-grow attachment-medium size-medium\" alt=\"\" loading=\"lazy\" srcset=\"https:\/\/myepal.eu\/wp-content\/uploads\/2022\/05\/ffa726-3-300x300.png 300w, https:\/\/myepal.eu\/wp-content\/uploads\/2022\/05\/ffa726-3-1024x1024.png 1024w, https:\/\/myepal.eu\/wp-content\/uploads\/2022\/05\/ffa726-3-150x150.png 150w, https:\/\/myepal.eu\/wp-content\/uploads\/2022\/05\/ffa726-3-768x768.png 768w, https:\/\/myepal.eu\/wp-content\/uploads\/2022\/05\/ffa726-3-600x600.png 600w, https:\/\/myepal.eu\/wp-content\/uploads\/2022\/05\/ffa726-3.png 1080w\" sizes=\"(max-width: 300px) 100vw, 300px\" \/>\t\t\t\t\t\t\t\t<\/a>\n\t\t\t\t\t\t\t\t\t\t\t\t\t\t\t<\/div>\n\t\t\t\t<\/div>\n\t\t\t\t\t<\/div>\n\t\t<\/div>\n\t\t\t\t\t\t\t<\/div>\n\t\t<\/section>\n\t\t\t\t\t<\/div>\n\t\t<\/div>\n\t\t\t\t\t\t\t<\/div>\n\t\t<\/section>\n\t\t\t\t<section class=\"elementor-section elementor-top-section elementor-element elementor-element-2737dc8 elementor-section-boxed elementor-section-height-default elementor-section-height-default\" data-id=\"2737dc8\" data-element_type=\"section\" data-settings=\"{&quot;background_background&quot;:&quot;classic&quot;}\">\n\t\t\t\t\t\t<div class=\"elementor-container elementor-column-gap-default\">\n\t\t\t\t\t<div class=\"elementor-column elementor-col-33 elementor-top-column elementor-element elementor-element-1b200c0\" data-id=\"1b200c0\" data-element_type=\"column\">\n\t\t\t<div class=\"elementor-widget-wrap elementor-element-populated\">\n\t\t\t\t\t\t\t\t<div class=\"elementor-element elementor-element-df65fa1 e-transform elementor-invisible elementor-widget elementor-widget-wp-widget-nav_menu\" data-id=\"df65fa1\" data-element_type=\"widget\" data-settings=\"{&quot;_animation&quot;:&quot;fadeInLeft&quot;,&quot;_transform_translateX_effect&quot;:{&quot;unit&quot;:&quot;px&quot;,&quot;size&quot;:-61,&quot;sizes&quot;:[]},&quot;_transform_translateY_effect&quot;:{&quot;unit&quot;:&quot;px&quot;,&quot;size&quot;:37,&quot;sizes&quot;:[]},&quot;_transform_translateX_effect_tablet&quot;:{&quot;unit&quot;:&quot;px&quot;,&quot;size&quot;:&quot;&quot;,&quot;sizes&quot;:[]},&quot;_transform_translateX_effect_mobile&quot;:{&quot;unit&quot;:&quot;px&quot;,&quot;size&quot;:&quot;&quot;,&quot;sizes&quot;:[]},&quot;_transform_translateY_effect_tablet&quot;:{&quot;unit&quot;:&quot;px&quot;,&quot;size&quot;:&quot;&quot;,&quot;sizes&quot;:[]},&quot;_transform_translateY_effect_mobile&quot;:{&quot;unit&quot;:&quot;px&quot;,&quot;size&quot;:&quot;&quot;,&quot;sizes&quot;:[]}}\" data-widget_type=\"wp-widget-nav_menu.default\">\n\t\t\t\t<div class=\"elementor-widget-container\">\n\t\t\t<h5>Website navigation<\/h5><div class=\"menu-main-menu-fr-container\"><ul id=\"menu-main-menu-fr\" class=\"menu\"><li id=\"menu-item-966\" class=\"menu-item menu-item-type-post_type menu-item-object-page menu-item-home menu-item-966\"><a href=\"https:\/\/myepal.eu\/fr\/\">Accueil<\/a><\/li>\n<li id=\"menu-item-967\" class=\"menu-item menu-item-type-post_type menu-item-object-page menu-item-967\"><a href=\"https:\/\/myepal.eu\/fr\/projet\/\">Projet<\/a><\/li>\n<li id=\"menu-item-968\" class=\"menu-item menu-item-type-post_type menu-item-object-page menu-item-968\"><a href=\"https:\/\/myepal.eu\/fr\/manuel\/\">Manuel<\/a><\/li>\n<li id=\"menu-item-969\" class=\"menu-item menu-item-type-post_type menu-item-object-page menu-item-969\"><a href=\"https:\/\/myepal.eu\/fr\/activites\/\">Intervention communautaire<\/a><\/li>\n<li id=\"menu-item-970\" class=\"menu-item menu-item-type-custom menu-item-object-custom menu-item-has-children menu-item-970\"><a href=\"#\">Partenaires<\/a>\n<ul class=\"sub-menu\">\n\t<li id=\"menu-item-971\" class=\"menu-item menu-item-type-post_type menu-item-object-page menu-item-971\"><a href=\"https:\/\/myepal.eu\/fr\/connect-your-city-brussels\/\">Connect Your City \u2013 Brussels<\/a><\/li>\n\t<li id=\"menu-item-972\" class=\"menu-item menu-item-type-post_type menu-item-object-page menu-item-972\"><a href=\"https:\/\/myepal.eu\/fr\/blocks-a-ete-fonde-com\/\">Blocks \u2013 a \u00e9t\u00e9 fond\u00e9 com<\/a><\/li>\n<\/ul>\n<\/li>\n<li id=\"menu-item-973\" class=\"menu-item menu-item-type-post_type menu-item-object-page menu-item-973\"><a href=\"https:\/\/myepal.eu\/fr\/contactez-nous\/\">Contactez-nous<\/a><\/li>\n<li id=\"menu-item-974\" class=\"menu-item menu-item-type-post_type menu-item-object-page current_page_parent menu-item-974\"><a href=\"https:\/\/myepal.eu\/fr\/blog\/\">Blog<\/a><\/li>\n<li id=\"menu-item-wpml-ls-8-fr\" class=\"menu-item wpml-ls-slot-8 wpml-ls-item wpml-ls-item-fr wpml-ls-current-language wpml-ls-menu-item wpml-ls-last-item menu-item-type-wpml_ls_menu_item menu-item-object-wpml_ls_menu_item menu-item-has-children menu-item-wpml-ls-8-fr\"><a href=\"https:\/\/myepal.eu\/fr\/\"><img\n            class=\"wpml-ls-flag\"\n            src=\"https:\/\/myepal.eu\/wp-content\/plugins\/sitepress-multilingual-cms\/res\/flags\/fr.png\"\n            alt=\"Fran\u00e7ais\"\n            \n            \n    \/><\/a>\n<ul class=\"sub-menu\">\n\t<li id=\"menu-item-wpml-ls-8-bg\" class=\"menu-item wpml-ls-slot-8 wpml-ls-item wpml-ls-item-bg wpml-ls-menu-item wpml-ls-first-item menu-item-type-wpml_ls_menu_item menu-item-object-wpml_ls_menu_item menu-item-wpml-ls-8-bg\"><a href=\"https:\/\/myepal.eu\/bg\/\"><img\n            class=\"wpml-ls-flag\"\n            src=\"https:\/\/myepal.eu\/wp-content\/plugins\/sitepress-multilingual-cms\/res\/flags\/bg.png\"\n            alt=\"Bulgare\"\n            \n            \n    \/><\/a><\/li>\n\t<li id=\"menu-item-wpml-ls-8-en\" class=\"menu-item wpml-ls-slot-8 wpml-ls-item wpml-ls-item-en wpml-ls-menu-item menu-item-type-wpml_ls_menu_item menu-item-object-wpml_ls_menu_item menu-item-wpml-ls-8-en\"><a href=\"https:\/\/myepal.eu\"><img\n            class=\"wpml-ls-flag\"\n            src=\"https:\/\/myepal.eu\/wp-content\/plugins\/sitepress-multilingual-cms\/res\/flags\/en.png\"\n            alt=\"Anglais\"\n            \n            \n    \/><\/a><\/li>\n<\/ul>\n<\/li>\n<\/ul><\/div>\t\t<\/div>\n\t\t\t\t<\/div>\n\t\t\t\t\t<\/div>\n\t\t<\/div>\n\t\t\t\t<div class=\"elementor-column elementor-col-33 elementor-top-column elementor-element elementor-element-d99ebbc\" data-id=\"d99ebbc\" data-element_type=\"column\">\n\t\t\t<div class=\"elementor-widget-wrap elementor-element-populated\">\n\t\t\t\t\t\t\t\t<div class=\"elementor-element elementor-element-bb17b73 e-transform elementor-invisible elementor-widget elementor-widget-wp-widget-calendar\" data-id=\"bb17b73\" data-element_type=\"widget\" data-settings=\"{&quot;_animation&quot;:&quot;fadeInUp&quot;,&quot;_transform_scale_effect&quot;:{&quot;unit&quot;:&quot;px&quot;,&quot;size&quot;:0.8,&quot;sizes&quot;:[]},&quot;_transform_scale_effect_tablet&quot;:{&quot;unit&quot;:&quot;px&quot;,&quot;size&quot;:&quot;&quot;,&quot;sizes&quot;:[]},&quot;_transform_scale_effect_mobile&quot;:{&quot;unit&quot;:&quot;px&quot;,&quot;size&quot;:&quot;&quot;,&quot;sizes&quot;:[]}}\" data-widget_type=\"wp-widget-calendar.default\">\n\t\t\t\t<div class=\"elementor-widget-container\">\n\t\t\t<div id=\"calendar_wrap\" class=\"calendar_wrap\"><table id=\"wp-calendar\" class=\"wp-calendar-table\">\n\t<caption>avril 2026<\/caption>\n\t<thead>\n\t<tr>\n\t\t<th scope=\"col\" title=\"lundi\">L<\/th>\n\t\t<th scope=\"col\" title=\"mardi\">M<\/th>\n\t\t<th scope=\"col\" title=\"mercredi\">M<\/th>\n\t\t<th scope=\"col\" title=\"jeudi\">J<\/th>\n\t\t<th scope=\"col\" title=\"vendredi\">V<\/th>\n\t\t<th scope=\"col\" title=\"samedi\">S<\/th>\n\t\t<th scope=\"col\" title=\"dimanche\">D<\/th>\n\t<\/tr>\n\t<\/thead>\n\t<tbody>\n\t<tr>\n\t\t<td colspan=\"2\" class=\"pad\">&nbsp;<\/td><td>1<\/td><td>2<\/td><td>3<\/td><td>4<\/td><td>5<\/td>\n\t<\/tr>\n\t<tr>\n\t\t<td>6<\/td><td>7<\/td><td>8<\/td><td>9<\/td><td>10<\/td><td>11<\/td><td>12<\/td>\n\t<\/tr>\n\t<tr>\n\t\t<td>13<\/td><td>14<\/td><td>15<\/td><td>16<\/td><td>17<\/td><td>18<\/td><td id=\"today\">19<\/td>\n\t<\/tr>\n\t<tr>\n\t\t<td>20<\/td><td>21<\/td><td>22<\/td><td>23<\/td><td>24<\/td><td>25<\/td><td>26<\/td>\n\t<\/tr>\n\t<tr>\n\t\t<td>27<\/td><td>28<\/td><td>29<\/td><td>30<\/td>\n\t\t<td class=\"pad\" colspan=\"3\">&nbsp;<\/td>\n\t<\/tr>\n\t<\/tbody>\n\t<\/table><nav aria-label=\"Mois pr\u00e9c\u00e9dents et suivants\" class=\"wp-calendar-nav\">\n\t\t<span class=\"wp-calendar-nav-prev\"><a href=\"https:\/\/myepal.eu\/fr\/2023\/05\/\">&laquo; Mai<\/a><\/span>\n\t\t<span class=\"pad\">&nbsp;<\/span>\n\t\t<span class=\"wp-calendar-nav-next\">&nbsp;<\/span>\n\t<\/nav><\/div>\t\t<\/div>\n\t\t\t\t<\/div>\n\t\t\t\t\t<\/div>\n\t\t<\/div>\n\t\t\t\t<div class=\"elementor-column elementor-col-33 elementor-top-column elementor-element elementor-element-19269fb\" data-id=\"19269fb\" data-element_type=\"column\">\n\t\t\t<div class=\"elementor-widget-wrap elementor-element-populated\">\n\t\t\t\t\t\t\t\t<div class=\"elementor-element elementor-element-6e4386d e-transform elementor-invisible elementor-widget elementor-widget-wp-widget-recent-posts\" data-id=\"6e4386d\" data-element_type=\"widget\" data-settings=\"{&quot;_animation&quot;:&quot;fadeInRight&quot;,&quot;_transform_translateX_effect&quot;:{&quot;unit&quot;:&quot;px&quot;,&quot;size&quot;:171,&quot;sizes&quot;:[]},&quot;_transform_translateY_effect&quot;:{&quot;unit&quot;:&quot;px&quot;,&quot;size&quot;:37,&quot;sizes&quot;:[]},&quot;_transform_translateX_effect_tablet&quot;:{&quot;unit&quot;:&quot;px&quot;,&quot;size&quot;:&quot;&quot;,&quot;sizes&quot;:[]},&quot;_transform_translateX_effect_mobile&quot;:{&quot;unit&quot;:&quot;px&quot;,&quot;size&quot;:&quot;&quot;,&quot;sizes&quot;:[]},&quot;_transform_translateY_effect_tablet&quot;:{&quot;unit&quot;:&quot;px&quot;,&quot;size&quot;:&quot;&quot;,&quot;sizes&quot;:[]},&quot;_transform_translateY_effect_mobile&quot;:{&quot;unit&quot;:&quot;px&quot;,&quot;size&quot;:&quot;&quot;,&quot;sizes&quot;:[]}}\" data-widget_type=\"wp-widget-recent-posts.default\">\n\t\t\t\t<div class=\"elementor-widget-container\">\n\t\t\t\n\t\t\n\t\t<h5>Articles r\u00e9cents<\/h5>\n\t\t<ul>\n\t\t\t\t\t\t\t\t\t\t\t<li>\n\t\t\t\t\t<a href=\"https:\/\/myepal.eu\/fr\/notre-troisieme-lettre-dinformation\/\">Notre troisi\u00e8me lettre d&rsquo;information !<\/a>\n\t\t\t\t\t\t\t\t\t<\/li>\n\t\t\t\t\t\t\t\t\t\t\t<li>\n\t\t\t\t\t<a href=\"https:\/\/myepal.eu\/fr\/notre-deuxieme-lettre-dinformation\/\">Notre deuxi\u00e8me lettre d&rsquo;information!<\/a>\n\t\t\t\t\t\t\t\t\t<\/li>\n\t\t\t\t\t\t\t\t\t\t\t<li>\n\t\t\t\t\t<a href=\"https:\/\/myepal.eu\/fr\/notre-premiere-lettre-dinformation\/\">Notre premi\u00e8re lettre d&rsquo;information !<\/a>\n\t\t\t\t\t\t\t\t\t<\/li>\n\t\t\t\t\t<\/ul>\n\n\t\t\t\t<\/div>\n\t\t\t\t<\/div>\n\t\t\t\t\t<\/div>\n\t\t<\/div>\n\t\t\t\t\t\t\t<\/div>\n\t\t<\/section>\n\t\t\t\t\t\t\t<\/div>\n\t\t","protected":false},"excerpt":{"rendered":"<p>Encourager le b\u00e9n\u00e9volat num\u00e9rique chez les personnes \u00e2g\u00e9es LE PROJET A PROPOS DE MON E-PAL Le but du projet my E-PAL est de renforcer les comp\u00e9tences digitales des adultes s\u00e9niors, \u00e0 travers la provision d\u2019outils digitaux innovants et d\u2019interventions comme le volontariat digital, incluant des connaissances, comp\u00e9tences et des ressources. Ces derni\u00e8res prennent la forme [&hellip;]<\/p>\n","protected":false},"author":2,"featured_media":0,"parent":0,"menu_order":0,"comment_status":"closed","ping_status":"closed","template":"","meta":[],"_links":{"self":[{"href":"https:\/\/myepal.eu\/fr\/wp-json\/wp\/v2\/pages\/964"}],"collection":[{"href":"https:\/\/myepal.eu\/fr\/wp-json\/wp\/v2\/pages"}],"about":[{"href":"https:\/\/myepal.eu\/fr\/wp-json\/wp\/v2\/types\/page"}],"author":[{"embeddable":true,"href":"https:\/\/myepal.eu\/fr\/wp-json\/wp\/v2\/users\/2"}],"replies":[{"embeddable":true,"href":"https:\/\/myepal.eu\/fr\/wp-json\/wp\/v2\/comments?post=964"}],"version-history":[{"count":1,"href":"https:\/\/myepal.eu\/fr\/wp-json\/wp\/v2\/pages\/964\/revisions"}],"predecessor-version":[{"id":965,"href":"https:\/\/myepal.eu\/fr\/wp-json\/wp\/v2\/pages\/964\/revisions\/965"}],"wp:attachment":[{"href":"https:\/\/myepal.eu\/fr\/wp-json\/wp\/v2\/media?parent=964"}],"curies":[{"name":"wp","href":"https:\/\/api.w.org\/{rel}","templated":true}]}}